{"id":2622,"date":"2022-12-15T13:03:21","date_gmt":"2022-12-15T13:03:21","guid":{"rendered":"https:\/\/you-everywhere.online\/?page_id=2622"},"modified":"2023-02-16T11:47:03","modified_gmt":"2023-02-16T11:47:03","slug":"delais-de-livraison","status":"publish","type":"page","link":"https:\/\/carritech.com\/fr\/delivery-times\/","title":{"rendered":"D\u00e9lais de livraison"},"content":{"rendered":"<div data-elementor-type=\"wp-page\" data-elementor-id=\"2622\" class=\"elementor elementor-2622\" data-elementor-post-type=\"page\">\n\t\t\t\t\t\t<section class=\"elementor-section elementor-top-section elementor-element elementor-element-5520c55 elementor-section-content-middle elementor-section-height-min-height elementor-section-boxed elementor-section-height-default elementor-section-items-middle\" data-id=\"5520c55\" data-element_type=\"section\" data-e-type=\"section\" data-settings=\"{&quot;background_background&quot;:&quot;gradient&quot;}\">\n\t\t\t\t\t\t\t<div class=\"elementor-background-overlay\"><\/div>\n\t\t\t\t\t\t\t<div class=\"elementor-container elementor-column-gap-no\">\n\t\t\t\t\t<div class=\"elementor-column elementor-col-100 elementor-top-column elementor-element elementor-element-fefb949\" data-id=\"fefb949\" data-element_type=\"column\" data-e-type=\"column\">\n\t\t\t<div class=\"elementor-widget-wrap elementor-element-populated\">\n\t\t\t\t\t\t<section class=\"elementor-section elementor-inner-section elementor-element elementor-element-db3bcae elementor-section-boxed elementor-section-height-default elementor-section-height-default\" data-id=\"db3bcae\" data-element_type=\"section\" data-e-type=\"section\">\n\t\t\t\t\t\t<div class=\"elementor-container elementor-column-gap-default\">\n\t\t\t\t\t<div class=\"elementor-column elementor-col-50 elementor-inner-column elementor-element elementor-element-8de97b5\" data-id=\"8de97b5\" data-element_type=\"column\" data-e-type=\"column\">\n\t\t\t<div class=\"elementor-widget-wrap elementor-element-populated\">\n\t\t\t\t\t\t<div class=\"elementor-element elementor-element-68c3f27 elementor-invisible elementor-widget elementor-widget-heading\" data-id=\"68c3f27\" data-element_type=\"widget\" data-e-type=\"widget\" data-settings=\"{&quot;_animation&quot;:&quot;fadeInDown&quot;}\" data-widget_type=\"heading.default\">\n\t\t\t\t\t<h3 class=\"elementor-heading-title elementor-size-default\">Your products are in <b>safe hands<\/b>.<\/h3>\t\t\t\t<\/div>\n\t\t\t\t\t<\/div>\n\t\t<\/div>\n\t\t\t\t<div class=\"elementor-column elementor-col-50 elementor-inner-column elementor-element elementor-element-c97bb25 elementor-hidden-mobile\" data-id=\"c97bb25\" data-element_type=\"column\" data-e-type=\"column\">\n\t\t\t<div class=\"elementor-widget-wrap\">\n\t\t\t\t\t\t\t<\/div>\n\t\t<\/div>\n\t\t\t\t\t<\/div>\n\t\t<\/section>\n\t\t\t\t\t<\/div>\n\t\t<\/div>\n\t\t\t\t\t<\/div>\n\t\t<\/section>\n\t\t\t\t<section class=\"elementor-section elementor-top-section elementor-element elementor-element-4d86d00 elementor-section-boxed elementor-section-height-default elementor-section-height-default\" data-id=\"4d86d00\" data-element_type=\"section\" data-e-type=\"section\" data-settings=\"{&quot;background_background&quot;:&quot;classic&quot;}\">\n\t\t\t\t\t\t<div class=\"elementor-container elementor-column-gap-default\">\n\t\t\t\t\t<div class=\"elementor-column elementor-col-100 elementor-top-column elementor-element elementor-element-4dbf999\" data-id=\"4dbf999\" data-element_type=\"column\" data-e-type=\"column\">\n\t\t\t<div class=\"elementor-widget-wrap elementor-element-populated\">\n\t\t\t\t\t\t<div class=\"elementor-element elementor-element-cd67d79 elementor-align-left elementor-widget elementor-widget-breadcrumbs\" data-id=\"cd67d79\" data-element_type=\"widget\" data-e-type=\"widget\" data-widget_type=\"breadcrumbs.default\">\n\t\t\t\t\t<p id=\"breadcrumbs\"><span><span><a href=\"https:\/\/carritech.com\/fr\/\">Accueil<\/a><\/span><\/span><\/p>\t\t\t\t<\/div>\n\t\t\t\t\t<\/div>\n\t\t<\/div>\n\t\t\t\t\t<\/div>\n\t\t<\/section>\n\t\t\t\t<section class=\"elementor-section elementor-top-section elementor-element elementor-element-7bc4beb elementor-reverse-mobile elementor-section-boxed elementor-section-height-default elementor-section-height-default\" data-id=\"7bc4beb\" data-element_type=\"section\" data-e-type=\"section\" data-settings=\"{&quot;background_background&quot;:&quot;classic&quot;}\">\n\t\t\t\t\t\t<div class=\"elementor-container elementor-column-gap-wider\">\n\t\t\t\t\t<div class=\"elementor-column elementor-col-50 elementor-top-column elementor-element elementor-element-6fb42c6\" data-id=\"6fb42c6\" data-element_type=\"column\" data-e-type=\"column\" data-settings=\"{&quot;background_background&quot;:&quot;classic&quot;}\">\n\t\t\t<div class=\"elementor-widget-wrap elementor-element-populated\">\n\t\t\t\t\t<div class=\"elementor-background-overlay\"><\/div>\n\t\t\t\t\t\t<div class=\"elementor-element elementor-element-633f4ae elementor-widget elementor-widget-heading\" data-id=\"633f4ae\" data-element_type=\"widget\" data-e-type=\"widget\" data-widget_type=\"heading.default\">\n\t\t\t\t\t<h2 class=\"elementor-heading-title elementor-size-default\">Navigation <\/h2>\t\t\t\t<\/div>\n\t\t\t\t<div class=\"elementor-element elementor-element-8579ff1 elementor-nav-menu--dropdown-none elementor-widget elementor-widget-nav-menu\" data-id=\"8579ff1\" data-element_type=\"widget\" data-e-type=\"widget\" data-settings=\"{&quot;layout&quot;:&quot;vertical&quot;,&quot;submenu_icon&quot;:{&quot;value&quot;:&quot;&lt;i class=\\&quot;fas fa-caret-down\\&quot; aria-hidden=\\&quot;true\\&quot;&gt;&lt;\\\/i&gt;&quot;,&quot;library&quot;:&quot;fa-solid&quot;}}\" data-widget_type=\"nav-menu.default\">\n\t\t\t\t\t\t\t\t<nav aria-label=\"Menu\" class=\"elementor-nav-menu--main elementor-nav-menu__container elementor-nav-menu--layout-vertical e--pointer-underline e--animation-fade\">\n\t\t\t\t<ul id=\"menu-1-8579ff1\" class=\"elementor-nav-menu sm-vertical\"><li class=\"menu-item menu-item-type-post_type menu-item-object-page menu-item-2628\"><a href=\"https:\/\/carritech.com\/fr\/delivery-times\/\" class=\"elementor-item\">D\u00e9lais de livraison<\/a><\/li>\n<li class=\"menu-item menu-item-type-post_type menu-item-object-page menu-item-2630\"><a href=\"https:\/\/carritech.com\/fr\/warranty\/\" class=\"elementor-item\">Garantie<\/a><\/li>\n<li class=\"menu-item menu-item-type-post_type menu-item-object-page menu-item-2617\"><a href=\"https:\/\/carritech.com\/fr\/contact\/\" class=\"elementor-item\">Contact<\/a><\/li>\n<\/ul>\t\t\t<\/nav>\n\t\t\t\t\t\t<nav class=\"elementor-nav-menu--dropdown elementor-nav-menu__container\" aria-hidden=\"true\">\n\t\t\t\t<ul id=\"menu-2-8579ff1\" class=\"elementor-nav-menu sm-vertical\"><li class=\"menu-item menu-item-type-post_type menu-item-object-page menu-item-2628\"><a href=\"https:\/\/carritech.com\/fr\/delivery-times\/\" class=\"elementor-item\" tabindex=\"-1\">D\u00e9lais de livraison<\/a><\/li>\n<li class=\"menu-item menu-item-type-post_type menu-item-object-page menu-item-2630\"><a href=\"https:\/\/carritech.com\/fr\/warranty\/\" class=\"elementor-item\" tabindex=\"-1\">Garantie<\/a><\/li>\n<li class=\"menu-item menu-item-type-post_type menu-item-object-page menu-item-2617\"><a href=\"https:\/\/carritech.com\/fr\/contact\/\" class=\"elementor-item\" tabindex=\"-1\">Contact<\/a><\/li>\n<\/ul>\t\t\t<\/nav>\n\t\t\t\t\t\t<\/div>\n\t\t\t\t<div class=\"elementor-element elementor-element-69480b1 elementor-widget elementor-widget-heading\" data-id=\"69480b1\" data-element_type=\"widget\" data-e-type=\"widget\" data-widget_type=\"heading.default\">\n\t\t\t\t\t<h2 class=\"elementor-heading-title elementor-size-default\">Rechercher cette page<\/h2>\t\t\t\t<\/div>\n\t\t\t\t<div class=\"elementor-element elementor-element-a2dc529 elementor-share-buttons--view-icon elementor-share-buttons--skin-gradient elementor-share-buttons--shape-square elementor-grid-0 elementor-share-buttons--color-official elementor-widget elementor-widget-share-buttons\" data-id=\"a2dc529\" data-element_type=\"widget\" data-e-type=\"widget\" data-widget_type=\"share-buttons.default\">\n\t\t\t\t\t\t\t<div class=\"elementor-grid\" role=\"list\">\n\t\t\t\t\t\t\t\t<div class=\"elementor-grid-item\" role=\"listitem\">\n\t\t\t\t\t\t<div class=\"elementor-share-btn elementor-share-btn_facebook\" role=\"button\" tabindex=\"0\" aria-label=\"Partager sur facebook\">\n\t\t\t\t\t\t\t\t\t\t\t\t\t\t\t<span class=\"elementor-share-btn__icon\">\n\t\t\t\t\t\t\t\t<i class=\"fab fa-facebook\" aria-hidden=\"true\"><\/i>\t\t\t\t\t\t\t<\/span>\n\t\t\t\t\t\t\t\t\t\t\t\t\t\t\t\t\t\t\t\t<\/div>\n\t\t\t\t\t<\/div>\n\t\t\t\t\t\t\t\t\t<div class=\"elementor-grid-item\" role=\"listitem\">\n\t\t\t\t\t\t<div class=\"elementor-share-btn elementor-share-btn_twitter\" role=\"button\" tabindex=\"0\" aria-label=\"Partager sur twitter\">\n\t\t\t\t\t\t\t\t\t\t\t\t\t\t\t<span class=\"elementor-share-btn__icon\">\n\t\t\t\t\t\t\t\t<i class=\"fab fa-twitter\" aria-hidden=\"true\"><\/i>\t\t\t\t\t\t\t<\/span>\n\t\t\t\t\t\t\t\t\t\t\t\t\t\t\t\t\t\t\t\t<\/div>\n\t\t\t\t\t<\/div>\n\t\t\t\t\t\t\t\t\t<div class=\"elementor-grid-item\" role=\"listitem\">\n\t\t\t\t\t\t<div class=\"elementor-share-btn elementor-share-btn_linkedin\" role=\"button\" tabindex=\"0\" aria-label=\"Partager sur linkedin\">\n\t\t\t\t\t\t\t\t\t\t\t\t\t\t\t<span class=\"elementor-share-btn__icon\">\n\t\t\t\t\t\t\t\t<i class=\"fab fa-linkedin\" aria-hidden=\"true\"><\/i>\t\t\t\t\t\t\t<\/span>\n\t\t\t\t\t\t\t\t\t\t\t\t\t\t\t\t\t\t\t\t<\/div>\n\t\t\t\t\t<\/div>\n\t\t\t\t\t\t\t\t\t<div class=\"elementor-grid-item\" role=\"listitem\">\n\t\t\t\t\t\t<div class=\"elementor-share-btn elementor-share-btn_whatsapp\" role=\"button\" tabindex=\"0\" aria-label=\"Partager sur whatsapp\">\n\t\t\t\t\t\t\t\t\t\t\t\t\t\t\t<span class=\"elementor-share-btn__icon\">\n\t\t\t\t\t\t\t\t<i class=\"fab fa-whatsapp\" aria-hidden=\"true\"><\/i>\t\t\t\t\t\t\t<\/span>\n\t\t\t\t\t\t\t\t\t\t\t\t\t\t\t\t\t\t\t\t<\/div>\n\t\t\t\t\t<\/div>\n\t\t\t\t\t\t<\/div>\n\t\t\t\t\t\t<\/div>\n\t\t\t\t\t<\/div>\n\t\t<\/div>\n\t\t\t\t<div class=\"elementor-column elementor-col-50 elementor-top-column elementor-element elementor-element-46e8f31\" data-id=\"46e8f31\" data-element_type=\"column\" data-e-type=\"column\">\n\t\t\t<div class=\"elementor-widget-wrap elementor-element-populated\">\n\t\t\t\t\t\t<div class=\"elementor-element elementor-element-01ace0d elementor-widget elementor-widget-heading\" data-id=\"01ace0d\" data-element_type=\"widget\" data-e-type=\"widget\" data-widget_type=\"heading.default\">\n\t\t\t\t\t<h2 class=\"elementor-heading-title elementor-size-default\">D\u00e9lais de livraison<\/h2>\t\t\t\t<\/div>\n\t\t\t\t<div class=\"elementor-element elementor-element-8ba433b elementor-widget__width-initial elementor-widget elementor-widget-text-editor\" data-id=\"8ba433b\" data-element_type=\"widget\" data-e-type=\"widget\" data-widget_type=\"text-editor.default\">\n\t\t\t\t\t\t\t\t\tOur aim is to make delivery of your telecom network products as fast and hassle-free as possible.\n<h2>Where we deliver<\/h2>\nWe work closely with our logistics partners to appoint the correct carriers depending on your destination. Please see below for country\/region-specific delivery information.\n<h3>For standard deliveries (under 40kg):<\/h3>\n<table>\n<tbody>\n<tr>\n<td width=\"301\">UK<\/td>\n<td width=\"301\">1 \u2013 2 business days<\/td>\n<\/tr>\n<tr>\n<td width=\"301\">EU<\/td>\n<td width=\"301\">2 \u2013 3 business days<\/td>\n<\/tr>\n<tr>\n<td width=\"301\">USA<\/td>\n<td width=\"301\">4 \u2013 5 business days<\/td>\n<\/tr>\n<tr>\n<td width=\"301\">South America<\/td>\n<td width=\"301\">4 \u2013 5 business days<\/td>\n<\/tr>\n<tr>\n<td width=\"301\">Australia<\/td>\n<td width=\"301\">4 \u2013 5 business days<\/td>\n<\/tr>\n<tr>\n<td width=\"301\">Africa<\/td>\n<td width=\"301\">4 \u2013 5 business days<\/td>\n<\/tr>\n<tr>\n<td width=\"301\">All other countries<\/td>\n<td width=\"301\">Available on request<\/td>\n<\/tr>\n<\/tbody>\n<\/table>\n<h3>For heavier deliveries (over 40kg):<\/h3>\n<table>\n<tbody>\n<tr>\n<td width=\"301\">UK<\/td>\n<td width=\"301\">1 \u2013 3 business days<\/td>\n<\/tr>\n<tr>\n<td width=\"301\">EU<\/td>\n<td width=\"301\">4 \u20138 business days<\/td>\n<\/tr>\n<tr>\n<td width=\"301\">USA<\/td>\n<td width=\"301\">Less than 5 business days (priority) or less than 10 business days (economy)<\/td>\n<\/tr>\n<tr>\n<td width=\"301\">South America<\/td>\n<td width=\"301\">Less than 5 business days (priority) or less than 10 business days (economy)<\/td>\n<\/tr>\n<tr>\n<td width=\"301\">Australia<\/td>\n<td width=\"301\">Less than 5 business days (priority) or less than 10 business days (economy)<\/td>\n<\/tr>\n<tr>\n<td width=\"301\">Africa<\/td>\n<td width=\"301\">Less than 5 business days (priority) or less than 10 business days (economy)<\/td>\n<\/tr>\n<tr>\n<td width=\"301\">All other countries<\/td>\n<td width=\"301\">Available on request<\/td>\n<\/tr>\n<\/tbody>\n<\/table>\n*Delivery times for all other countries are available on request. Please note any local holidays may affect delivery times. Please contact us for more information about international delivery.\t\t\t\t\t\t\t\t<\/div>\n\t\t\t\t\t<\/div>\n\t\t<\/div>\n\t\t\t\t\t<\/div>\n\t\t<\/section>\n\t\t\t\t<\/div>","protected":false},"excerpt":{"rendered":"<p>Your products are in safe hands. Navigation Share this page Delivery Times Our aim is to make delivery of your telecom network products as fast and hassle-free as possible. Where we deliver We work closely with our logistics partners to appoint the correct carriers depending on your destination. Please see below for country\/region-specific delivery information. [&hellip;]<\/p>\n","protected":false},"author":1,"featured_media":0,"parent":0,"menu_order":0,"comment_status":"closed","ping_status":"closed","template":"","meta":{"_acf_changed":false,"footnotes":""},"class_list":["post-2622","page","type-page","status-publish","hentry"],"acf":[],"yoast_head":"<!-- This site is optimized with the Yoast SEO Premium plugin v27.4 (Yoast SEO v27.4) - https:\/\/yoast.com\/product\/yoast-seo-premium-wordpress\/ -->\n<title>Delivery Times | Carritech<\/title>\n<meta name=\"robots\" content=\"index, follow, max-snippet:-1, max-image-preview:large, max-video-preview:-1\" \/>\n<link rel=\"canonical\" href=\"https:\/\/carritech.com\/fr\/delais-de-livraison\/\" \/>\n<meta property=\"og:locale\" content=\"fr_FR\" \/>\n<meta property=\"og:type\" content=\"article\" \/>\n<meta property=\"og:title\" content=\"Delivery Times\" \/>\n<meta property=\"og:description\" content=\"Your products are in safe hands. Navigation Share this page Delivery Times Our aim is to make delivery of your telecom network products as fast and hassle-free as possible. Where we deliver We work closely with our logistics partners to appoint the correct carriers depending on your destination. Please see below for country\/region-specific delivery information. [&hellip;]\" \/>\n<meta property=\"og:url\" content=\"https:\/\/carritech.com\/fr\/delais-de-livraison\/\" \/>\n<meta property=\"og:site_name\" content=\"Carritech\" \/>\n<meta property=\"article:publisher\" content=\"https:\/\/www.facebook.com\/Carritech-271429599884265\/\" \/>\n<meta property=\"article:modified_time\" content=\"2023-02-16T11:47:03+00:00\" \/>\n<meta name=\"twitter:card\" content=\"summary_large_image\" \/>\n<meta name=\"twitter:label1\" content=\"Dur\u00e9e de lecture estim\u00e9e\" \/>\n\t<meta name=\"twitter:data1\" content=\"1 minute\" \/>\n<script type=\"application\/ld+json\" class=\"yoast-schema-graph\">{\"@context\":\"https:\\\/\\\/schema.org\",\"@graph\":[{\"@type\":\"WebPage\",\"@id\":\"https:\\\/\\\/carritech.com\\\/delivery-times\\\/\",\"url\":\"https:\\\/\\\/carritech.com\\\/delivery-times\\\/\",\"name\":\"Delivery Times | Carritech\",\"isPartOf\":{\"@id\":\"https:\\\/\\\/carritech.com\\\/#website\"},\"datePublished\":\"2022-12-15T13:03:21+00:00\",\"dateModified\":\"2023-02-16T11:47:03+00:00\",\"breadcrumb\":{\"@id\":\"https:\\\/\\\/carritech.com\\\/delivery-times\\\/#breadcrumb\"},\"inLanguage\":\"fr-FR\",\"potentialAction\":[{\"@type\":\"ReadAction\",\"target\":[\"https:\\\/\\\/carritech.com\\\/delivery-times\\\/\"]}]},{\"@type\":\"BreadcrumbList\",\"@id\":\"https:\\\/\\\/carritech.com\\\/delivery-times\\\/#breadcrumb\",\"itemListElement\":[{\"@type\":\"ListItem\",\"position\":1,\"name\":\"Home\",\"item\":\"https:\\\/\\\/carritech.com\\\/\"},{\"@type\":\"ListItem\",\"position\":2,\"name\":\"Delivery Times\"}]},{\"@type\":\"WebSite\",\"@id\":\"https:\\\/\\\/carritech.com\\\/#website\",\"url\":\"https:\\\/\\\/carritech.com\\\/\",\"name\":\"Carritech Telecommunications\",\"description\":\"A sustainable support solution for your telecoms network\",\"publisher\":{\"@id\":\"https:\\\/\\\/carritech.com\\\/#organization\"},\"alternateName\":\"Carritech\",\"potentialAction\":[{\"@type\":\"SearchAction\",\"target\":{\"@type\":\"EntryPoint\",\"urlTemplate\":\"https:\\\/\\\/carritech.com\\\/?s={search_term_string}\"},\"query-input\":{\"@type\":\"PropertyValueSpecification\",\"valueRequired\":true,\"valueName\":\"search_term_string\"}}],\"inLanguage\":\"fr-FR\"},{\"@type\":\"Organization\",\"@id\":\"https:\\\/\\\/carritech.com\\\/#organization\",\"name\":\"Carritech\",\"url\":\"https:\\\/\\\/carritech.com\\\/\",\"logo\":{\"@type\":\"ImageObject\",\"inLanguage\":\"fr-FR\",\"@id\":\"https:\\\/\\\/carritech.com\\\/#\\\/schema\\\/logo\\\/image\\\/\",\"url\":\"https:\\\/\\\/carritech.com\\\/wp-content\\\/uploads\\\/2023\\\/01\\\/Carritech-Logo-without-sub-header.png\",\"contentUrl\":\"https:\\\/\\\/carritech.com\\\/wp-content\\\/uploads\\\/2023\\\/01\\\/Carritech-Logo-without-sub-header.png\",\"width\":2628,\"height\":874,\"caption\":\"Carritech\"},\"image\":{\"@id\":\"https:\\\/\\\/carritech.com\\\/#\\\/schema\\\/logo\\\/image\\\/\"},\"sameAs\":[\"https:\\\/\\\/www.facebook.com\\\/Carritech-271429599884265\\\/\",\"https:\\\/\\\/www.linkedin.com\\\/company\\\/1678487\\\/\"]}]}<\/script>\n<!-- \/ Yoast SEO Premium plugin. -->","yoast_head_json":{"title":"Delivery Times | Carritech","robots":{"index":"index","follow":"follow","max-snippet":"max-snippet:-1","max-image-preview":"max-image-preview:large","max-video-preview":"max-video-preview:-1"},"canonical":"https:\/\/carritech.com\/fr\/delais-de-livraison\/","og_locale":"fr_FR","og_type":"article","og_title":"Delivery Times","og_description":"Your products are in safe hands. Navigation Share this page Delivery Times Our aim is to make delivery of your telecom network products as fast and hassle-free as possible. Where we deliver We work closely with our logistics partners to appoint the correct carriers depending on your destination. Please see below for country\/region-specific delivery information. [&hellip;]","og_url":"https:\/\/carritech.com\/fr\/delais-de-livraison\/","og_site_name":"Carritech","article_publisher":"https:\/\/www.facebook.com\/Carritech-271429599884265\/","article_modified_time":"2023-02-16T11:47:03+00:00","twitter_card":"summary_large_image","twitter_misc":{"Dur\u00e9e de lecture estim\u00e9e":"1 minute"},"schema":{"@context":"https:\/\/schema.org","@graph":[{"@type":"WebPage","@id":"https:\/\/carritech.com\/delivery-times\/","url":"https:\/\/carritech.com\/delivery-times\/","name":"Delivery Times | Carritech","isPartOf":{"@id":"https:\/\/carritech.com\/#website"},"datePublished":"2022-12-15T13:03:21+00:00","dateModified":"2023-02-16T11:47:03+00:00","breadcrumb":{"@id":"https:\/\/carritech.com\/delivery-times\/#breadcrumb"},"inLanguage":"fr-FR","potentialAction":[{"@type":"ReadAction","target":["https:\/\/carritech.com\/delivery-times\/"]}]},{"@type":"BreadcrumbList","@id":"https:\/\/carritech.com\/delivery-times\/#breadcrumb","itemListElement":[{"@type":"ListItem","position":1,"name":"Home","item":"https:\/\/carritech.com\/"},{"@type":"ListItem","position":2,"name":"Delivery Times"}]},{"@type":"WebSite","@id":"https:\/\/carritech.com\/#website","url":"https:\/\/carritech.com\/","name":"Carritech Telecommunications","description":"Une solution de support durable pour votre r\u00e9seau de t\u00e9l\u00e9communications","publisher":{"@id":"https:\/\/carritech.com\/#organization"},"alternateName":"Carritech","potentialAction":[{"@type":"SearchAction","target":{"@type":"EntryPoint","urlTemplate":"https:\/\/carritech.com\/?s={search_term_string}"},"query-input":{"@type":"PropertyValueSpecification","valueRequired":true,"valueName":"search_term_string"}}],"inLanguage":"fr-FR"},{"@type":"Organization","@id":"https:\/\/carritech.com\/#organization","name":"Carritech","url":"https:\/\/carritech.com\/","logo":{"@type":"ImageObject","inLanguage":"fr-FR","@id":"https:\/\/carritech.com\/#\/schema\/logo\/image\/","url":"https:\/\/carritech.com\/wp-content\/uploads\/2023\/01\/Carritech-Logo-without-sub-header.png","contentUrl":"https:\/\/carritech.com\/wp-content\/uploads\/2023\/01\/Carritech-Logo-without-sub-header.png","width":2628,"height":874,"caption":"Carritech"},"image":{"@id":"https:\/\/carritech.com\/#\/schema\/logo\/image\/"},"sameAs":["https:\/\/www.facebook.com\/Carritech-271429599884265\/","https:\/\/www.linkedin.com\/company\/1678487\/"]}]}},"_links":{"self":[{"href":"https:\/\/carritech.com\/fr\/wp-json\/wp\/v2\/pages\/2622","targetHints":{"allow":["GET"]}}],"collection":[{"href":"https:\/\/carritech.com\/fr\/wp-json\/wp\/v2\/pages"}],"about":[{"href":"https:\/\/carritech.com\/fr\/wp-json\/wp\/v2\/types\/page"}],"author":[{"embeddable":true,"href":"https:\/\/carritech.com\/fr\/wp-json\/wp\/v2\/users\/1"}],"replies":[{"embeddable":true,"href":"https:\/\/carritech.com\/fr\/wp-json\/wp\/v2\/comments?post=2622"}],"version-history":[{"count":3,"href":"https:\/\/carritech.com\/fr\/wp-json\/wp\/v2\/pages\/2622\/revisions"}],"predecessor-version":[{"id":5391,"href":"https:\/\/carritech.com\/fr\/wp-json\/wp\/v2\/pages\/2622\/revisions\/5391"}],"wp:attachment":[{"href":"https:\/\/carritech.com\/fr\/wp-json\/wp\/v2\/media?parent=2622"}],"curies":[{"name":"wp","href":"https:\/\/api.w.org\/{rel}","templated":true}]}}