{"id":81825,"date":"2025-07-09T14:52:06","date_gmt":"2025-07-09T14:52:06","guid":{"rendered":"https:\/\/carritech.com\/?page_id=81825"},"modified":"2025-11-10T16:57:15","modified_gmt":"2025-11-10T16:57:15","slug":"repair-request","status":"publish","type":"page","link":"https:\/\/carritech.com\/fr\/telecom-repair-services\/repair-request\/","title":{"rendered":"Repair Request"},"content":{"rendered":"\t\t<div data-elementor-type=\"wp-page\" data-elementor-id=\"81825\" class=\"elementor elementor-81825\" data-elementor-post-type=\"page\">\n\t\t\t\t<div class=\"elementor-element elementor-element-e4cd3f0 e-flex e-con-boxed e-con e-parent\" data-id=\"e4cd3f0\" data-element_type=\"container\" data-e-type=\"container\">\n\t\t\t\t\t<div class=\"e-con-inner\">\n\t\t<div class=\"elementor-element elementor-element-45a27a1 e-con-full e-flex e-con e-child\" data-id=\"45a27a1\" data-element_type=\"container\" data-e-type=\"container\" data-settings=\"{&quot;background_background&quot;:&quot;classic&quot;}\">\n\t\t<div class=\"elementor-element elementor-element-822dd24 e-con-full e-flex e-con e-child\" data-id=\"822dd24\" data-element_type=\"container\" data-e-type=\"container\" data-settings=\"{&quot;background_background&quot;:&quot;classic&quot;}\">\n\t\t\t\t<div class=\"elementor-element elementor-element-cfe9261 elementor-widget elementor-widget-image\" data-id=\"cfe9261\" data-element_type=\"widget\" data-e-type=\"widget\" data-widget_type=\"image.default\">\n\t\t\t\t\t\t\t\t\t\t\t\t\t\t\t\t<a href=\"https:\/\/carritech.com\/fr\">\n\t\t\t\t\t\t\t<img fetchpriority=\"high\" decoding=\"async\" width=\"594\" height=\"173\" src=\"https:\/\/carritech.com\/wp-content\/uploads\/2022\/10\/Carritech-Logo-white-01.png\" class=\"attachment-large size-large wp-image-971\" alt=\"\" srcset=\"https:\/\/carritech.com\/wp-content\/uploads\/2022\/10\/Carritech-Logo-white-01.png 594w, https:\/\/carritech.com\/wp-content\/uploads\/2022\/10\/Carritech-Logo-white-01-300x87.png 300w\" sizes=\"(max-width: 594px) 100vw, 594px\" \/>\t\t\t\t\t\t\t\t<\/a>\n\t\t\t\t\t\t\t\t\t\t\t\t\t\t\t<\/div>\n\t\t\t\t<\/div>\n\t\t<div class=\"elementor-element elementor-element-bbccfde e-con-full e-flex e-con e-child\" data-id=\"bbccfde\" data-element_type=\"container\" data-e-type=\"container\" data-settings=\"{&quot;background_background&quot;:&quot;classic&quot;}\">\n\t\t\t\t<div class=\"elementor-element elementor-element-3648cc8 elementor-widget elementor-widget-heading\" data-id=\"3648cc8\" data-element_type=\"widget\" data-e-type=\"widget\" data-widget_type=\"heading.default\">\n\t\t\t\t\t<h2 class=\"elementor-heading-title elementor-size-default\">Repair &amp; Refurbishment - Service Request<\/h2>\t\t\t\t<\/div>\n\t\t\t\t<div class=\"elementor-element elementor-element-6de305c elementor-widget-divider--view-line elementor-widget elementor-widget-divider\" data-id=\"6de305c\" data-element_type=\"widget\" data-e-type=\"widget\" data-widget_type=\"divider.default\">\n\t\t\t\t\t\t\t<div class=\"elementor-divider\">\n\t\t\t<span class=\"elementor-divider-separator\">\n\t\t\t\t\t\t<\/span>\n\t\t<\/div>\n\t\t\t\t\t\t<\/div>\n\t\t\t\t<div class=\"elementor-element elementor-element-80fbf9b elementor-button-align-stretch elementor-widget elementor-widget-form\" data-id=\"80fbf9b\" data-element_type=\"widget\" data-e-type=\"widget\" data-settings=\"{&quot;step_next_label&quot;:&quot;Next&quot;,&quot;step_previous_label&quot;:&quot;Previous&quot;,&quot;button_width&quot;:&quot;100&quot;,&quot;step_type&quot;:&quot;number_text&quot;,&quot;step_icon_shape&quot;:&quot;circle&quot;}\" data-widget_type=\"form.default\">\n\t\t\t\t\t\t\t<form class=\"elementor-form\" method=\"post\" name=\"New Form\" aria-label=\"New Form\">\n\t\t\t<input type=\"hidden\" name=\"post_id\" value=\"81825\"\/>\n\t\t\t<input type=\"hidden\" name=\"form_id\" value=\"80fbf9b\"\/>\n\t\t\t<input type=\"hidden\" name=\"referer_title\" value=\"Repair Request | Carritech\" \/>\n\n\t\t\t\t\t\t\t<input type=\"hidden\" name=\"queried_id\" value=\"81825\"\/>\n\t\t\t\n\t\t\t<div class=\"elementor-form-fields-wrapper elementor-labels-above\">\n\t\t\t\t\t\t\t\t<div class=\"elementor-field-type-text elementor-field-group elementor-column elementor-field-group-name elementor-col-50 elementor-field-required\">\n\t\t\t\t\t\t\t\t\t\t\t\t<label for=\"form-field-name\" class=\"elementor-field-label\">\n\t\t\t\t\t\t\t\tName\t\t\t\t\t\t\t<\/label>\n\t\t\t\t\t\t\t\t\t\t\t\t\t\t<input size=\"1\" type=\"text\" name=\"form_fields[name]\" id=\"form-field-name\" class=\"elementor-field elementor-size-sm  elementor-field-textual\" required=\"required\">\n\t\t\t\t\t\t\t\t\t\t\t<\/div>\n\t\t\t\t\t\t\t\t<div class=\"elementor-field-type-text elementor-field-group elementor-column elementor-field-group-field_ffa0bbe elementor-col-50 elementor-field-required\">\n\t\t\t\t\t\t\t\t\t\t\t\t<label for=\"form-field-field_ffa0bbe\" class=\"elementor-field-label\">\n\t\t\t\t\t\t\t\tCompany\t\t\t\t\t\t\t<\/label>\n\t\t\t\t\t\t\t\t\t\t\t\t\t\t<input size=\"1\" type=\"text\" name=\"form_fields[field_ffa0bbe]\" id=\"form-field-field_ffa0bbe\" class=\"elementor-field elementor-size-sm  elementor-field-textual\" required=\"required\">\n\t\t\t\t\t\t\t\t\t\t\t<\/div>\n\t\t\t\t\t\t\t\t<div class=\"elementor-field-type-email elementor-field-group elementor-column elementor-field-group-email elementor-col-50 elementor-field-required\">\n\t\t\t\t\t\t\t\t\t\t\t\t<label for=\"form-field-email\" class=\"elementor-field-label\">\n\t\t\t\t\t\t\t\tEmail\t\t\t\t\t\t\t<\/label>\n\t\t\t\t\t\t\t\t\t\t\t\t\t\t<input size=\"1\" type=\"email\" name=\"form_fields[email]\" id=\"form-field-email\" class=\"elementor-field elementor-size-sm  elementor-field-textual\" required=\"required\">\n\t\t\t\t\t\t\t\t\t\t\t<\/div>\n\t\t\t\t\t\t\t\t<div class=\"elementor-field-type-number elementor-field-group elementor-column elementor-field-group-field_39adc0c elementor-col-50 elementor-field-required\">\n\t\t\t\t\t\t\t\t\t\t\t\t<label for=\"form-field-field_39adc0c\" class=\"elementor-field-label\">\n\t\t\t\t\t\t\t\tTelephone\t\t\t\t\t\t\t<\/label>\n\t\t\t\t\t\t\t\t\t<input type=\"number\" name=\"form_fields[field_39adc0c]\" id=\"form-field-field_39adc0c\" class=\"elementor-field elementor-size-sm  elementor-field-textual\" required=\"required\" min=\"\" max=\"\" >\n\t\t\t\t\t\t<\/div>\n\t\t\t\t\t\t\t\t<div class=\"elementor-field-type-textarea elementor-field-group elementor-column elementor-field-group-field_37f8db7 elementor-col-100 elementor-field-required\">\n\t\t\t\t\t\t\t\t\t\t\t\t<label for=\"form-field-field_37f8db7\" class=\"elementor-field-label\">\n\t\t\t\t\t\t\t\tProducts to be repaired\t\t\t\t\t\t\t<\/label>\n\t\t\t\t\t\t<textarea class=\"elementor-field-textual elementor-field  elementor-size-sm\" name=\"form_fields[field_37f8db7]\" id=\"form-field-field_37f8db7\" rows=\"8\" placeholder=\"Please provide information on the products that you require repairs for.\" required=\"required\"><\/textarea>\t\t\t\t<\/div>\n\t\t\t\t\t\t\t\t<div class=\"elementor-field-type-select elementor-field-group elementor-column elementor-field-group-field_a1d045d elementor-col-100 elementor-field-required\">\n\t\t\t\t\t\t\t\t\t\t\t\t<label for=\"form-field-field_a1d045d\" class=\"elementor-field-label\">\n\t\t\t\t\t\t\t\tWhich best describes your needs?\t\t\t\t\t\t\t<\/label>\n\t\t\t\t\t\t\t\t<div class=\"elementor-field elementor-select-wrapper remove-before \">\n\t\t\t<div class=\"select-caret-down-wrapper\">\n\t\t\t\t<i aria-hidden=\"true\" class=\"eicon-caret-down\"><\/i>\t\t\t<\/div>\n\t\t\t<select name=\"form_fields[field_a1d045d]\" id=\"form-field-field_a1d045d\" class=\"elementor-field-textual elementor-size-sm\" required=\"required\">\n\t\t\t\t\t\t\t\t\t<option value=\"I need the equipment repaired as quickly as possible\">I need the equipment repaired as quickly as possible<\/option>\n\t\t\t\t\t\t\t\t\t<option value=\"I need the equipment repaired as economically as possible\">I need the equipment repaired as economically as possible<\/option>\n\t\t\t\t\t\t\t<\/select>\n\t\t<\/div>\n\t\t\t\t\t\t<\/div>\n\t\t\t\t\t\t\t\t<div class=\"elementor-field-group elementor-column elementor-field-type-submit elementor-col-100 e-form__buttons\">\n\t\t\t\t\t<button class=\"elementor-button elementor-size-sm\" type=\"submit\">\n\t\t\t\t\t\t<span class=\"elementor-button-content-wrapper\">\n\t\t\t\t\t\t\t\t\t\t\t\t\t\t\t\t\t\t\t\t\t\t<span class=\"elementor-button-text\">Submit Repair Request<\/span>\n\t\t\t\t\t\t\t\t\t\t\t\t\t<\/span>\n\t\t\t\t\t<\/button>\n\t\t\t\t<\/div>\n\t\t\t<\/div>\n\t\t<\/form>\n\t\t\t\t\t\t<\/div>\n\t\t\t\t<\/div>\n\t\t\t\t<\/div>\n\t\t\t\t\t<\/div>\n\t\t\t\t<\/div>\n\t\t\t\t<\/div>\n\t\t","protected":false},"excerpt":{"rendered":"<p>Repair &amp; Refurbishment &#8211; Service Request<\/p>","protected":false},"author":1,"featured_media":0,"parent":919,"menu_order":0,"comment_status":"closed","ping_status":"closed","template":"elementor_canvas","meta":{"_acf_changed":false,"footnotes":""},"class_list":["post-81825","page","type-page","status-publish","hentry"],"acf":[],"yoast_head":"<!-- This site is optimized with the Yoast SEO Premium plugin v27.1 (Yoast SEO v27.1.1) - https:\/\/yoast.com\/product\/yoast-seo-premium-wordpress\/ -->\n<title>Repair Request | Carritech<\/title>\n<meta name=\"robots\" content=\"index, follow, max-snippet:-1, max-image-preview:large, max-video-preview:-1\" \/>\n<link rel=\"canonical\" href=\"https:\/\/carritech.com\/fr\/telecom-repair-services\/repair-request\/\" \/>\n<meta property=\"og:locale\" content=\"fr_FR\" \/>\n<meta property=\"og:type\" content=\"article\" \/>\n<meta property=\"og:title\" content=\"Repair Request\" \/>\n<meta property=\"og:description\" content=\"Repair &amp; Refurbishment &#8211; Service Request\" \/>\n<meta property=\"og:url\" content=\"https:\/\/carritech.com\/fr\/telecom-repair-services\/repair-request\/\" \/>\n<meta property=\"og:site_name\" content=\"Carritech\" \/>\n<meta property=\"article:publisher\" content=\"https:\/\/www.facebook.com\/Carritech-271429599884265\/\" \/>\n<meta property=\"article:modified_time\" content=\"2025-11-10T16:57:15+00:00\" \/>\n<meta property=\"og:image\" content=\"https:\/\/carritech.com\/wp-content\/uploads\/2022\/10\/Carritech-Logo-white-01.png\" \/>\n\t<meta property=\"og:image:width\" content=\"594\" \/>\n\t<meta property=\"og:image:height\" content=\"173\" \/>\n\t<meta property=\"og:image:type\" content=\"image\/png\" \/>\n<meta name=\"twitter:card\" content=\"summary_large_image\" \/>\n<meta name=\"twitter:label1\" content=\"Dur\u00e9e de lecture estim\u00e9e\" \/>\n\t<meta name=\"twitter:data1\" content=\"1 minute\" \/>\n<script type=\"application\/ld+json\" class=\"yoast-schema-graph\">{\"@context\":\"https:\/\/schema.org\",\"@graph\":[{\"@type\":\"WebPage\",\"@id\":\"https:\/\/carritech.com\/telecom-repair-services\/repair-request\/\",\"url\":\"https:\/\/carritech.com\/telecom-repair-services\/repair-request\/\",\"name\":\"Repair Request | Carritech\",\"isPartOf\":{\"@id\":\"https:\/\/carritech.com\/#website\"},\"primaryImageOfPage\":{\"@id\":\"https:\/\/carritech.com\/telecom-repair-services\/repair-request\/#primaryimage\"},\"image\":{\"@id\":\"https:\/\/carritech.com\/telecom-repair-services\/repair-request\/#primaryimage\"},\"thumbnailUrl\":\"https:\/\/carritech.com\/wp-content\/uploads\/2022\/10\/Carritech-Logo-white-01.png\",\"datePublished\":\"2025-07-09T14:52:06+00:00\",\"dateModified\":\"2025-11-10T16:57:15+00:00\",\"breadcrumb\":{\"@id\":\"https:\/\/carritech.com\/telecom-repair-services\/repair-request\/#breadcrumb\"},\"inLanguage\":\"fr-FR\",\"potentialAction\":[{\"@type\":\"ReadAction\",\"target\":[\"https:\/\/carritech.com\/telecom-repair-services\/repair-request\/\"]}]},{\"@type\":\"ImageObject\",\"inLanguage\":\"fr-FR\",\"@id\":\"https:\/\/carritech.com\/telecom-repair-services\/repair-request\/#primaryimage\",\"url\":\"https:\/\/carritech.com\/wp-content\/uploads\/2022\/10\/Carritech-Logo-white-01.png\",\"contentUrl\":\"https:\/\/carritech.com\/wp-content\/uploads\/2022\/10\/Carritech-Logo-white-01.png\"},{\"@type\":\"BreadcrumbList\",\"@id\":\"https:\/\/carritech.com\/telecom-repair-services\/repair-request\/#breadcrumb\",\"itemListElement\":[{\"@type\":\"ListItem\",\"position\":1,\"name\":\"Home\",\"item\":\"https:\/\/carritech.com\/\"},{\"@type\":\"ListItem\",\"position\":2,\"name\":\"Repair &#038; Refurbishment\",\"item\":\"https:\/\/carritech.com\/telecom-repair-services\/\"},{\"@type\":\"ListItem\",\"position\":3,\"name\":\"Repair Request\"}]},{\"@type\":\"WebSite\",\"@id\":\"https:\/\/carritech.com\/#website\",\"url\":\"https:\/\/carritech.com\/\",\"name\":\"Carritech Telecommunications\",\"description\":\"A sustainable support solution for your telecoms network\",\"publisher\":{\"@id\":\"https:\/\/carritech.com\/#organization\"},\"alternateName\":\"Carritech\",\"potentialAction\":[{\"@type\":\"SearchAction\",\"target\":{\"@type\":\"EntryPoint\",\"urlTemplate\":\"https:\/\/carritech.com\/?s={search_term_string}\"},\"query-input\":{\"@type\":\"PropertyValueSpecification\",\"valueRequired\":true,\"valueName\":\"search_term_string\"}}],\"inLanguage\":\"fr-FR\"},{\"@type\":\"Organization\",\"@id\":\"https:\/\/carritech.com\/#organization\",\"name\":\"Carritech\",\"url\":\"https:\/\/carritech.com\/\",\"logo\":{\"@type\":\"ImageObject\",\"inLanguage\":\"fr-FR\",\"@id\":\"https:\/\/carritech.com\/#\/schema\/logo\/image\/\",\"url\":\"https:\/\/carritech.com\/wp-content\/uploads\/2023\/01\/Carritech-Logo-without-sub-header.png\",\"contentUrl\":\"https:\/\/carritech.com\/wp-content\/uploads\/2023\/01\/Carritech-Logo-without-sub-header.png\",\"width\":2628,\"height\":874,\"caption\":\"Carritech\"},\"image\":{\"@id\":\"https:\/\/carritech.com\/#\/schema\/logo\/image\/\"},\"sameAs\":[\"https:\/\/www.facebook.com\/Carritech-271429599884265\/\",\"https:\/\/www.linkedin.com\/company\/1678487\/\"]}]}<\/script>\n<!-- \/ Yoast SEO Premium plugin. -->","yoast_head_json":{"title":"Repair Request | Carritech","robots":{"index":"index","follow":"follow","max-snippet":"max-snippet:-1","max-image-preview":"max-image-preview:large","max-video-preview":"max-video-preview:-1"},"canonical":"https:\/\/carritech.com\/fr\/telecom-repair-services\/repair-request\/","og_locale":"fr_FR","og_type":"article","og_title":"Repair Request","og_description":"Repair &amp; Refurbishment &#8211; Service Request","og_url":"https:\/\/carritech.com\/fr\/telecom-repair-services\/repair-request\/","og_site_name":"Carritech","article_publisher":"https:\/\/www.facebook.com\/Carritech-271429599884265\/","article_modified_time":"2025-11-10T16:57:15+00:00","og_image":[{"width":594,"height":173,"url":"https:\/\/carritech.com\/wp-content\/uploads\/2022\/10\/Carritech-Logo-white-01.png","type":"image\/png"}],"twitter_card":"summary_large_image","twitter_misc":{"Dur\u00e9e de lecture estim\u00e9e":"1 minute"},"schema":{"@context":"https:\/\/schema.org","@graph":[{"@type":"WebPage","@id":"https:\/\/carritech.com\/telecom-repair-services\/repair-request\/","url":"https:\/\/carritech.com\/telecom-repair-services\/repair-request\/","name":"Repair Request | Carritech","isPartOf":{"@id":"https:\/\/carritech.com\/#website"},"primaryImageOfPage":{"@id":"https:\/\/carritech.com\/telecom-repair-services\/repair-request\/#primaryimage"},"image":{"@id":"https:\/\/carritech.com\/telecom-repair-services\/repair-request\/#primaryimage"},"thumbnailUrl":"https:\/\/carritech.com\/wp-content\/uploads\/2022\/10\/Carritech-Logo-white-01.png","datePublished":"2025-07-09T14:52:06+00:00","dateModified":"2025-11-10T16:57:15+00:00","breadcrumb":{"@id":"https:\/\/carritech.com\/telecom-repair-services\/repair-request\/#breadcrumb"},"inLanguage":"fr-FR","potentialAction":[{"@type":"ReadAction","target":["https:\/\/carritech.com\/telecom-repair-services\/repair-request\/"]}]},{"@type":"ImageObject","inLanguage":"fr-FR","@id":"https:\/\/carritech.com\/telecom-repair-services\/repair-request\/#primaryimage","url":"https:\/\/carritech.com\/wp-content\/uploads\/2022\/10\/Carritech-Logo-white-01.png","contentUrl":"https:\/\/carritech.com\/wp-content\/uploads\/2022\/10\/Carritech-Logo-white-01.png"},{"@type":"BreadcrumbList","@id":"https:\/\/carritech.com\/telecom-repair-services\/repair-request\/#breadcrumb","itemListElement":[{"@type":"ListItem","position":1,"name":"Home","item":"https:\/\/carritech.com\/"},{"@type":"ListItem","position":2,"name":"Repair &#038; Refurbishment","item":"https:\/\/carritech.com\/telecom-repair-services\/"},{"@type":"ListItem","position":3,"name":"Repair Request"}]},{"@type":"WebSite","@id":"https:\/\/carritech.com\/#website","url":"https:\/\/carritech.com\/","name":"Carritech Telecommunications","description":"Une solution de support durable pour votre r\u00e9seau de t\u00e9l\u00e9communications","publisher":{"@id":"https:\/\/carritech.com\/#organization"},"alternateName":"Carritech","potentialAction":[{"@type":"SearchAction","target":{"@type":"EntryPoint","urlTemplate":"https:\/\/carritech.com\/?s={search_term_string}"},"query-input":{"@type":"PropertyValueSpecification","valueRequired":true,"valueName":"search_term_string"}}],"inLanguage":"fr-FR"},{"@type":"Organization","@id":"https:\/\/carritech.com\/#organization","name":"Carritech","url":"https:\/\/carritech.com\/","logo":{"@type":"ImageObject","inLanguage":"fr-FR","@id":"https:\/\/carritech.com\/#\/schema\/logo\/image\/","url":"https:\/\/carritech.com\/wp-content\/uploads\/2023\/01\/Carritech-Logo-without-sub-header.png","contentUrl":"https:\/\/carritech.com\/wp-content\/uploads\/2023\/01\/Carritech-Logo-without-sub-header.png","width":2628,"height":874,"caption":"Carritech"},"image":{"@id":"https:\/\/carritech.com\/#\/schema\/logo\/image\/"},"sameAs":["https:\/\/www.facebook.com\/Carritech-271429599884265\/","https:\/\/www.linkedin.com\/company\/1678487\/"]}]}},"_links":{"self":[{"href":"https:\/\/carritech.com\/fr\/wp-json\/wp\/v2\/pages\/81825","targetHints":{"allow":["GET"]}}],"collection":[{"href":"https:\/\/carritech.com\/fr\/wp-json\/wp\/v2\/pages"}],"about":[{"href":"https:\/\/carritech.com\/fr\/wp-json\/wp\/v2\/types\/page"}],"author":[{"embeddable":true,"href":"https:\/\/carritech.com\/fr\/wp-json\/wp\/v2\/users\/1"}],"replies":[{"embeddable":true,"href":"https:\/\/carritech.com\/fr\/wp-json\/wp\/v2\/comments?post=81825"}],"version-history":[{"count":3,"href":"https:\/\/carritech.com\/fr\/wp-json\/wp\/v2\/pages\/81825\/revisions"}],"predecessor-version":[{"id":82500,"href":"https:\/\/carritech.com\/fr\/wp-json\/wp\/v2\/pages\/81825\/revisions\/82500"}],"up":[{"embeddable":true,"href":"https:\/\/carritech.com\/fr\/wp-json\/wp\/v2\/pages\/919"}],"wp:attachment":[{"href":"https:\/\/carritech.com\/fr\/wp-json\/wp\/v2\/media?parent=81825"}],"curies":[{"name":"wp","href":"https:\/\/api.w.org\/{rel}","templated":true}]}}