{"id":81976,"date":"2025-07-11T15:04:20","date_gmt":"2025-07-11T15:04:20","guid":{"rendered":"https:\/\/carritech.com\/?page_id=81976"},"modified":"2025-07-14T13:54:35","modified_gmt":"2025-07-14T13:54:35","slug":"sell-telecoms-equipment","status":"publish","type":"page","link":"https:\/\/carritech.com\/fr\/sell-telecoms-equipment\/","title":{"rendered":"Purchasing"},"content":{"rendered":"<div data-elementor-type=\"wp-page\" data-elementor-id=\"81976\" class=\"elementor elementor-81976\" data-elementor-post-type=\"page\">\n\t\t\t\t<div class=\"elementor-element elementor-element-0c8a53d e-flex e-con-boxed e-con e-parent\" data-id=\"0c8a53d\" data-element_type=\"container\" data-e-type=\"container\" data-settings=\"{&quot;background_background&quot;:&quot;classic&quot;}\">\n\t\t\t\t\t<div class=\"e-con-inner\">\n\t\t<div class=\"elementor-element elementor-element-0823ee2 e-con-full e-flex e-con e-child\" data-id=\"0823ee2\" data-element_type=\"container\" data-e-type=\"container\">\n\t\t<div class=\"elementor-element elementor-element-a54e354 e-con-full e-flex e-con e-child\" data-id=\"a54e354\" data-element_type=\"container\" data-e-type=\"container\">\n\t\t\t\t<div class=\"elementor-element elementor-element-2568c51 elementor-widget elementor-widget-heading\" data-id=\"2568c51\" data-element_type=\"widget\" data-e-type=\"widget\" data-widget_type=\"heading.default\">\n\t\t\t\t\t<h1 class=\"elementor-heading-title elementor-size-default\">Achat direct<\/h1>\t\t\t\t<\/div>\n\t\t\t\t<div class=\"elementor-element elementor-element-cabbb89 elementor-widget-divider--view-line elementor-widget elementor-widget-divider\" data-id=\"cabbb89\" data-element_type=\"widget\" data-e-type=\"widget\" data-widget_type=\"divider.default\">\n\t\t\t\t\t\t\t<div class=\"elementor-divider\">\n\t\t\t<span class=\"elementor-divider-separator\">\n\t\t\t\t\t\t<\/span>\n\t\t<\/div>\n\t\t\t\t\t\t<\/div>\n\t\t\t\t<div class=\"elementor-element elementor-element-92416af elementor-widget elementor-widget-heading\" data-id=\"92416af\" data-element_type=\"widget\" data-e-type=\"widget\" data-widget_type=\"heading.default\">\n\t\t\t\t\t<h2 class=\"elementor-heading-title elementor-size-default\">Turn your surplus telecoms equipment into revenue \u2014 and give it a second life in the Circular Economy.<\/h2>\t\t\t\t<\/div>\n\t\t<div class=\"elementor-element elementor-element-2e6376e e-con-full e-flex e-con e-child\" data-id=\"2e6376e\" data-element_type=\"container\" data-e-type=\"container\">\n\t\t<div class=\"elementor-element elementor-element-7e99878 e-con-full e-flex e-con e-child\" data-id=\"7e99878\" data-element_type=\"container\" data-e-type=\"container\">\n\t\t\t\t<div class=\"elementor-element elementor-element-55a8e60 elementor-align-left elementor-widget elementor-widget-button\" data-id=\"55a8e60\" data-element_type=\"widget\" data-e-type=\"widget\" data-widget_type=\"button.default\">\n\t\t\t\t\t\t\t\t\t\t<a class=\"elementor-button elementor-button-link elementor-size-sm\" href=\"https:\/\/carritech.com\/fr\/purchasing\/purchasing-request\/\">\n\t\t\t\t\t\t<span class=\"elementor-button-content-wrapper\">\n\t\t\t\t\t\t\t\t\t<span class=\"elementor-button-text\">Submit Purchasing Request<\/span>\n\t\t\t\t\t<\/span>\n\t\t\t\t\t<\/a>\n\t\t\t\t\t\t\t\t<\/div>\n\t\t\t\t<\/div>\n\t\t\t\t<\/div>\n\t\t\t\t<\/div>\n\t\t\t\t<\/div>\n\t\t\t\t\t<\/div>\n\t\t\t\t<\/div>\n\t\t\t\t<section class=\"elementor-section elementor-top-section elementor-element elementor-element-910f532 elementor-section-boxed elementor-section-height-default elementor-section-height-default\" data-id=\"910f532\" data-element_type=\"section\" data-e-type=\"section\" data-settings=\"{&quot;background_background&quot;:&quot;classic&quot;}\">\n\t\t\t\t\t\t<div class=\"elementor-container elementor-column-gap-default\">\n\t\t\t\t\t<div class=\"elementor-column elementor-col-100 elementor-top-column elementor-element elementor-element-e7cdb7f\" data-id=\"e7cdb7f\" data-element_type=\"column\" data-e-type=\"column\">\n\t\t\t<div class=\"elementor-widget-wrap elementor-element-populated\">\n\t\t\t\t\t\t<div class=\"elementor-element elementor-element-24017ea elementor-align-left elementor-widget elementor-widget-breadcrumbs\" data-id=\"24017ea\" data-element_type=\"widget\" data-e-type=\"widget\" data-widget_type=\"breadcrumbs.default\">\n\t\t\t\t\t<p id=\"breadcrumbs\"><span><span><a href=\"https:\/\/carritech.com\/fr\/\">Accueil<\/a><\/span><\/span><\/p>\t\t\t\t<\/div>\n\t\t\t\t\t<\/div>\n\t\t<\/div>\n\t\t\t\t\t<\/div>\n\t\t<\/section>\n\t\t<div class=\"elementor-element elementor-element-9b6d819 e-flex e-con-boxed e-con e-parent\" data-id=\"9b6d819\" data-element_type=\"container\" data-e-type=\"container\" data-settings=\"{&quot;background_background&quot;:&quot;classic&quot;}\">\n\t\t\t\t\t<div class=\"e-con-inner\">\n\t\t<div class=\"elementor-element elementor-element-ac86135 e-con-full e-flex e-con e-child\" data-id=\"ac86135\" data-element_type=\"container\" data-e-type=\"container\">\n\t\t<div class=\"elementor-element elementor-element-9d59a75 e-con-full e-flex e-con e-child\" data-id=\"9d59a75\" data-element_type=\"container\" data-e-type=\"container\" data-settings=\"{&quot;background_background&quot;:&quot;classic&quot;}\">\n\t\t\t\t<\/div>\n\t\t<div class=\"elementor-element elementor-element-89192b7 e-con-full e-flex e-con e-child\" data-id=\"89192b7\" data-element_type=\"container\" data-e-type=\"container\" data-settings=\"{&quot;background_background&quot;:&quot;classic&quot;}\">\n\t\t\t\t<div class=\"elementor-element elementor-element-958ec30 elementor-widget elementor-widget-heading\" data-id=\"958ec30\" data-element_type=\"widget\" data-e-type=\"widget\" data-widget_type=\"heading.default\">\n\t\t\t\t\t<h1 class=\"elementor-heading-title elementor-size-default\">Sell Your Unwanted Telecoms Equipment \u2014 Sustainably and Simply<\/h1>\t\t\t\t<\/div>\n\t\t\t\t<div class=\"elementor-element elementor-element-fc6dbbc elementor-widget-divider--view-line elementor-widget elementor-widget-divider\" data-id=\"fc6dbbc\" data-element_type=\"widget\" data-e-type=\"widget\" data-widget_type=\"divider.default\">\n\t\t\t\t\t\t\t<div class=\"elementor-divider\">\n\t\t\t<span class=\"elementor-divider-separator\">\n\t\t\t\t\t\t<\/span>\n\t\t<\/div>\n\t\t\t\t\t\t<\/div>\n\t\t\t\t<div class=\"elementor-element elementor-element-353f20b elementor-widget elementor-widget-text-editor\" data-id=\"353f20b\" data-element_type=\"widget\" data-e-type=\"widget\" data-widget_type=\"text-editor.default\">\n\t\t\t\t\t\t\t\t\t<p data-start=\"134\" data-end=\"368\">At Carritech, we make it easy for you to turn surplus or decommissioned telecoms equipment into real value.<\/p><p data-start=\"134\" data-end=\"368\">By selling your unwanted assets to us, you free up valuable space, recover capital, and contribute directly to a more sustainable future by keeping technology in use for longer.<\/p><p data-start=\"134\" data-end=\"368\">Whether you\u2019re upgrading your network, decommissioning old sites, or clearing out redundant stock, our expert team will manage the entire process \u2014 from fast, fair valuations to secure collection and environmentally responsible reuse or recycling.<\/p><p data-start=\"134\" data-end=\"368\">With decades of experience and a global network of partners, we ensure your equipment finds a new purpose in the Circular Economy while you benefit from a hassle-free, transparent transaction. Partner with Carritech and discover how simple it is to turn unused equipment into opportunity.<\/p><p><!--EndFragment --><\/p>\t\t\t\t\t\t\t\t<\/div>\n\t\t\t\t<\/div>\n\t\t\t\t<\/div>\n\t\t<div class=\"elementor-element elementor-element-daa0b4b e-con-full e-flex e-con e-child\" data-id=\"daa0b4b\" data-element_type=\"container\" data-e-type=\"container\" data-settings=\"{&quot;background_background&quot;:&quot;classic&quot;}\">\n\t\t<div class=\"elementor-element elementor-element-76ab467 e-con-full e-flex e-con e-child\" data-id=\"76ab467\" data-element_type=\"container\" data-e-type=\"container\">\n\t\t<div class=\"elementor-element elementor-element-23a9291 e-con-full e-flex e-con e-child\" data-id=\"23a9291\" data-element_type=\"container\" data-e-type=\"container\" data-settings=\"{&quot;background_background&quot;:&quot;classic&quot;}\">\n\t\t<div class=\"elementor-element elementor-element-6c71f27 e-con-full e-flex e-con e-child\" data-id=\"6c71f27\" data-element_type=\"container\" data-e-type=\"container\">\n\t\t\t\t<div class=\"elementor-element elementor-element-547a9e3 elementor-widget__width-inherit elementor-widget elementor-widget-heading\" data-id=\"547a9e3\" data-element_type=\"widget\" data-e-type=\"widget\" data-widget_type=\"heading.default\">\n\t\t\t\t\t<h2 class=\"elementor-heading-title elementor-size-default\">Ready to start generating revenue from your unwanted telecoms equipment?<\/h2>\t\t\t\t<\/div>\n\t\t\t\t<div class=\"elementor-element elementor-element-ca4de3e elementor-widget elementor-widget-text-editor\" data-id=\"ca4de3e\" data-element_type=\"widget\" data-e-type=\"widget\" data-widget_type=\"text-editor.default\">\n\t\t\t\t\t\t\t\t\t<p>Contact our team today to discuss the sale of your equipment.<\/p>\t\t\t\t\t\t\t\t<\/div>\n\t\t\t\t<\/div>\n\t\t<div class=\"elementor-element elementor-element-0b64812 e-con-full e-flex e-con e-child\" data-id=\"0b64812\" data-element_type=\"container\" data-e-type=\"container\">\n\t\t\t\t<div class=\"elementor-element elementor-element-c105a40 elementor-align-justify elementor-widget elementor-widget-button\" data-id=\"c105a40\" data-element_type=\"widget\" data-e-type=\"widget\" data-widget_type=\"button.default\">\n\t\t\t\t\t\t\t\t\t\t<a class=\"elementor-button elementor-button-link elementor-size-sm\" href=\"https:\/\/carritech.com\/fr\/purchasing\/purchasing-request\/\">\n\t\t\t\t\t\t<span class=\"elementor-button-content-wrapper\">\n\t\t\t\t\t\t\t\t\t<span class=\"elementor-button-text\">Contactez-nous<\/span>\n\t\t\t\t\t<\/span>\n\t\t\t\t\t<\/a>\n\t\t\t\t\t\t\t\t<\/div>\n\t\t\t\t<\/div>\n\t\t\t\t<\/div>\n\t\t\t\t<\/div>\n\t\t\t\t<\/div>\n\t\t\t\t\t<\/div>\n\t\t\t\t<\/div>\n\t\t<div class=\"elementor-element elementor-element-560bd18 e-flex e-con-boxed e-con e-parent\" data-id=\"560bd18\" data-element_type=\"container\" data-e-type=\"container\" data-settings=\"{&quot;background_background&quot;:&quot;classic&quot;}\">\n\t\t\t\t\t<div class=\"e-con-inner\">\n\t\t<div class=\"elementor-element elementor-element-cfd3a6d e-con-full e-flex e-con e-child\" data-id=\"cfd3a6d\" data-element_type=\"container\" data-e-type=\"container\">\n\t\t<div class=\"elementor-element elementor-element-01d7193 e-con-full e-flex e-con e-child\" data-id=\"01d7193\" data-element_type=\"container\" data-e-type=\"container\">\n\t\t\t\t<div class=\"elementor-element elementor-element-70e39b7 elementor-widget__width-inherit elementor-widget elementor-widget-heading\" data-id=\"70e39b7\" data-element_type=\"widget\" data-e-type=\"widget\" data-widget_type=\"heading.default\">\n\t\t\t\t\t<h2 class=\"elementor-heading-title elementor-size-default\">Learn more about our recycling service<\/h2>\t\t\t\t<\/div>\n\t\t\t\t<div class=\"elementor-element elementor-element-42595a6 elementor-widget-divider--view-line elementor-widget elementor-widget-divider\" data-id=\"42595a6\" data-element_type=\"widget\" data-e-type=\"widget\" data-widget_type=\"divider.default\">\n\t\t\t\t\t\t\t<div class=\"elementor-divider\">\n\t\t\t<span class=\"elementor-divider-separator\">\n\t\t\t\t\t\t<\/span>\n\t\t<\/div>\n\t\t\t\t\t\t<\/div>\n\t\t\t\t<div class=\"elementor-element elementor-element-fca7459 elementor-grid-3 elementor-grid-tablet-2 elementor-grid-mobile-1 elementor-posts--thumbnail-top elementor-posts__hover-gradient load-more-align-center elementor-widget elementor-widget-posts\" data-id=\"fca7459\" data-element_type=\"widget\" data-e-type=\"widget\" data-settings=\"{&quot;pagination_type&quot;:&quot;load_more_on_click&quot;,&quot;cards_row_gap&quot;:{&quot;unit&quot;:&quot;px&quot;,&quot;size&quot;:10,&quot;sizes&quot;:[]},&quot;cards_columns&quot;:&quot;3&quot;,&quot;cards_columns_tablet&quot;:&quot;2&quot;,&quot;cards_columns_mobile&quot;:&quot;1&quot;,&quot;cards_row_gap_tablet&quot;:{&quot;unit&quot;:&quot;px&quot;,&quot;size&quot;:&quot;&quot;,&quot;sizes&quot;:[]},&quot;cards_row_gap_mobile&quot;:{&quot;unit&quot;:&quot;px&quot;,&quot;size&quot;:&quot;&quot;,&quot;sizes&quot;:[]},&quot;load_more_spinner&quot;:{&quot;value&quot;:&quot;fas fa-spinner&quot;,&quot;library&quot;:&quot;fa-solid&quot;}}\" data-widget_type=\"posts.cards\">\n\t\t\t\t<div class=\"elementor-widget-container\">\n\t\t\t\t\t\t\t<div class=\"elementor-posts-container elementor-posts elementor-posts--skin-cards elementor-grid\" role=\"list\">\n\t\t\t\t<article class=\"elementor-post elementor-grid-item post-2179 post type-post status-publish format-standard has-post-thumbnail hentry category-asset-management category-general-knowledge category-recycling tag-sell\" role=\"listitem\">\n\t\t\t<div class=\"elementor-post__card\">\n\t\t\t\t<a class=\"elementor-post__thumbnail__link\" href=\"https:\/\/carritech.com\/fr\/how-to-sell-used-telecommunications-equipment\/\" tabindex=\"-1\" ><div class=\"elementor-post__thumbnail\"><img fetchpriority=\"high\" decoding=\"async\" width=\"800\" height=\"534\" src=\"https:\/\/carritech.com\/wp-content\/uploads\/2022\/11\/AdobeStock_343134489-1024x683.jpeg\" class=\"attachment-large size-large wp-image-1517\" alt=\"\" srcset=\"https:\/\/carritech.com\/wp-content\/uploads\/2022\/11\/AdobeStock_343134489-1024x683.jpeg 1024w, https:\/\/carritech.com\/wp-content\/uploads\/2022\/11\/AdobeStock_343134489-300x200.jpeg 300w, https:\/\/carritech.com\/wp-content\/uploads\/2022\/11\/AdobeStock_343134489-768x512.jpeg 768w, https:\/\/carritech.com\/wp-content\/uploads\/2022\/11\/AdobeStock_343134489.jpeg 1421w\" sizes=\"(max-width: 800px) 100vw, 800px\" \/><\/div><\/a>\n\t\t\t\t<div class=\"elementor-post__badge\">Gestion d\u2019actifs<\/div>\n\t\t\t\t<div class=\"elementor-post__text\">\n\t\t\t\t<h3 class=\"elementor-post__title\">\n\t\t\t<a href=\"https:\/\/carritech.com\/fr\/how-to-sell-used-telecommunications-equipment\/\" >\n\t\t\t\tHow To Sell Used Telecommunications Equipment\t\t\t<\/a>\n\t\t<\/h3>\n\t\t\n\t\t<a class=\"elementor-post__read-more\" href=\"https:\/\/carritech.com\/fr\/how-to-sell-used-telecommunications-equipment\/\" aria-label=\"En savoir plus sur How To Sell Used Telecommunications Equipment\" tabindex=\"-1\" >\n\t\t\tLire la suite \u00bb\t\t<\/a>\n\n\t\t\t\t<\/div>\n\t\t\t\t\t<\/div>\n\t\t<\/article>\n\t\t\t\t<article class=\"elementor-post elementor-grid-item post-2174 post type-post status-publish format-standard has-post-thumbnail hentry category-asset-management category-general-knowledge category-recycling tag-sell\" role=\"listitem\">\n\t\t\t<div class=\"elementor-post__card\">\n\t\t\t\t<a class=\"elementor-post__thumbnail__link\" href=\"https:\/\/carritech.com\/fr\/are-you-making-best-use-of-your-surplus-telecommunication-assets\/\" tabindex=\"-1\" ><div class=\"elementor-post__thumbnail\"><img decoding=\"async\" width=\"800\" height=\"544\" src=\"https:\/\/carritech.com\/wp-content\/uploads\/2022\/11\/legacy-telcommunications-1024x696.png\" class=\"attachment-large size-large wp-image-1570\" alt=\"\" srcset=\"https:\/\/carritech.com\/wp-content\/uploads\/2022\/11\/legacy-telcommunications-1024x696.png 1024w, https:\/\/carritech.com\/wp-content\/uploads\/2022\/11\/legacy-telcommunications-300x204.png 300w, https:\/\/carritech.com\/wp-content\/uploads\/2022\/11\/legacy-telcommunications-768x522.png 768w, https:\/\/carritech.com\/wp-content\/uploads\/2022\/11\/legacy-telcommunications.png 1500w\" sizes=\"(max-width: 800px) 100vw, 800px\" \/><\/div><\/a>\n\t\t\t\t<div class=\"elementor-post__badge\">Gestion d\u2019actifs<\/div>\n\t\t\t\t<div class=\"elementor-post__text\">\n\t\t\t\t<h3 class=\"elementor-post__title\">\n\t\t\t<a href=\"https:\/\/carritech.com\/fr\/are-you-making-best-use-of-your-surplus-telecommunication-assets\/\" >\n\t\t\t\tAre you making best use of your surplus telecommunication assets?\t\t\t<\/a>\n\t\t<\/h3>\n\t\t\n\t\t<a class=\"elementor-post__read-more\" href=\"https:\/\/carritech.com\/fr\/are-you-making-best-use-of-your-surplus-telecommunication-assets\/\" aria-label=\"En savoir plus sur Are you making best use of your surplus telecommunication assets?\" tabindex=\"-1\" >\n\t\t\tLire la suite \u00bb\t\t<\/a>\n\n\t\t\t\t<\/div>\n\t\t\t\t\t<\/div>\n\t\t<\/article>\n\t\t\t\t<\/div>\n\t\t\t\t\t<span class=\"e-load-more-spinner\">\n\t\t\t\t<i aria-hidden=\"true\" class=\"fas fa-spinner\"><\/i>\t\t\t<\/span>\n\t\t\n\t\t\t\t\t\t<\/div>\n\t\t\t\t<\/div>\n\t\t\t\t<\/div>\n\t\t\t\t<\/div>\n\t\t\t\t\t<\/div>\n\t\t\t\t<\/div>\n\t\t\t\t<\/div>","protected":false},"excerpt":{"rendered":"<p>Direct Purchase Turn your surplus telecoms equipment into revenue \u2014 and give it a second life in the Circular Economy. Submit Purchasing Request Sell Your<\/p>","protected":false},"author":1,"featured_media":0,"parent":0,"menu_order":0,"comment_status":"closed","ping_status":"closed","template":"","meta":{"_acf_changed":false,"footnotes":""},"class_list":["post-81976","page","type-page","status-publish","hentry"],"acf":[],"yoast_head":"<!-- This site is optimized with the Yoast SEO Premium plugin v27.1 (Yoast SEO v27.1.1) - https:\/\/yoast.com\/product\/yoast-seo-premium-wordpress\/ -->\n<title>Sell Telecoms Equipment | We Purchase | Carritech<\/title>\n<meta name=\"description\" content=\"At Carritech, we purchase legacy telecommunications equipment before refurbishing it and reselling it back into the marketplace.\" \/>\n<meta name=\"robots\" content=\"index, follow, max-snippet:-1, max-image-preview:large, max-video-preview:-1\" \/>\n<link rel=\"canonical\" href=\"https:\/\/carritech.com\/fr\/sell-telecoms-equipment\/\" \/>\n<meta property=\"og:locale\" content=\"fr_FR\" \/>\n<meta property=\"og:type\" content=\"article\" \/>\n<meta property=\"og:title\" content=\"Purchasing\" \/>\n<meta property=\"og:description\" content=\"At Carritech, we purchase legacy telecommunications equipment before refurbishing it and reselling it back into the marketplace.\" \/>\n<meta property=\"og:url\" content=\"https:\/\/carritech.com\/fr\/sell-telecoms-equipment\/\" \/>\n<meta property=\"og:site_name\" content=\"Carritech\" \/>\n<meta property=\"article:publisher\" content=\"https:\/\/www.facebook.com\/Carritech-271429599884265\/\" \/>\n<meta property=\"article:modified_time\" content=\"2025-07-14T13:54:35+00:00\" \/>\n<meta name=\"twitter:card\" content=\"summary_large_image\" \/>\n<meta name=\"twitter:label1\" content=\"Dur\u00e9e de lecture estim\u00e9e\" \/>\n\t<meta name=\"twitter:data1\" content=\"1 minute\" \/>\n<script type=\"application\/ld+json\" class=\"yoast-schema-graph\">{\"@context\":\"https:\/\/schema.org\",\"@graph\":[{\"@type\":\"WebPage\",\"@id\":\"https:\/\/carritech.com\/sell-telecoms-equipment\/\",\"url\":\"https:\/\/carritech.com\/sell-telecoms-equipment\/\",\"name\":\"Sell Telecoms Equipment | We Purchase | Carritech\",\"isPartOf\":{\"@id\":\"https:\/\/carritech.com\/#website\"},\"datePublished\":\"2025-07-11T15:04:20+00:00\",\"dateModified\":\"2025-07-14T13:54:35+00:00\",\"description\":\"At Carritech, we purchase legacy telecommunications equipment before refurbishing it and reselling it back into the marketplace.\",\"breadcrumb\":{\"@id\":\"https:\/\/carritech.com\/sell-telecoms-equipment\/#breadcrumb\"},\"inLanguage\":\"fr-FR\",\"potentialAction\":[{\"@type\":\"ReadAction\",\"target\":[\"https:\/\/carritech.com\/sell-telecoms-equipment\/\"]}]},{\"@type\":\"BreadcrumbList\",\"@id\":\"https:\/\/carritech.com\/sell-telecoms-equipment\/#breadcrumb\",\"itemListElement\":[{\"@type\":\"ListItem\",\"position\":1,\"name\":\"Home\",\"item\":\"https:\/\/carritech.com\/\"},{\"@type\":\"ListItem\",\"position\":2,\"name\":\"Purchasing\"}]},{\"@type\":\"WebSite\",\"@id\":\"https:\/\/carritech.com\/#website\",\"url\":\"https:\/\/carritech.com\/\",\"name\":\"Carritech Telecommunications\",\"description\":\"A sustainable support solution for your telecoms network\",\"publisher\":{\"@id\":\"https:\/\/carritech.com\/#organization\"},\"alternateName\":\"Carritech\",\"potentialAction\":[{\"@type\":\"SearchAction\",\"target\":{\"@type\":\"EntryPoint\",\"urlTemplate\":\"https:\/\/carritech.com\/?s={search_term_string}\"},\"query-input\":{\"@type\":\"PropertyValueSpecification\",\"valueRequired\":true,\"valueName\":\"search_term_string\"}}],\"inLanguage\":\"fr-FR\"},{\"@type\":\"Organization\",\"@id\":\"https:\/\/carritech.com\/#organization\",\"name\":\"Carritech\",\"url\":\"https:\/\/carritech.com\/\",\"logo\":{\"@type\":\"ImageObject\",\"inLanguage\":\"fr-FR\",\"@id\":\"https:\/\/carritech.com\/#\/schema\/logo\/image\/\",\"url\":\"https:\/\/carritech.com\/wp-content\/uploads\/2023\/01\/Carritech-Logo-without-sub-header.png\",\"contentUrl\":\"https:\/\/carritech.com\/wp-content\/uploads\/2023\/01\/Carritech-Logo-without-sub-header.png\",\"width\":2628,\"height\":874,\"caption\":\"Carritech\"},\"image\":{\"@id\":\"https:\/\/carritech.com\/#\/schema\/logo\/image\/\"},\"sameAs\":[\"https:\/\/www.facebook.com\/Carritech-271429599884265\/\",\"https:\/\/www.linkedin.com\/company\/1678487\/\"]}]}<\/script>\n<!-- \/ Yoast SEO Premium plugin. -->","yoast_head_json":{"title":"Sell Telecoms Equipment | We Purchase | Carritech","description":"At Carritech, we purchase legacy telecommunications equipment before refurbishing it and reselling it back into the marketplace.","robots":{"index":"index","follow":"follow","max-snippet":"max-snippet:-1","max-image-preview":"max-image-preview:large","max-video-preview":"max-video-preview:-1"},"canonical":"https:\/\/carritech.com\/fr\/sell-telecoms-equipment\/","og_locale":"fr_FR","og_type":"article","og_title":"Purchasing","og_description":"At Carritech, we purchase legacy telecommunications equipment before refurbishing it and reselling it back into the marketplace.","og_url":"https:\/\/carritech.com\/fr\/sell-telecoms-equipment\/","og_site_name":"Carritech","article_publisher":"https:\/\/www.facebook.com\/Carritech-271429599884265\/","article_modified_time":"2025-07-14T13:54:35+00:00","twitter_card":"summary_large_image","twitter_misc":{"Dur\u00e9e de lecture estim\u00e9e":"1 minute"},"schema":{"@context":"https:\/\/schema.org","@graph":[{"@type":"WebPage","@id":"https:\/\/carritech.com\/sell-telecoms-equipment\/","url":"https:\/\/carritech.com\/sell-telecoms-equipment\/","name":"Sell Telecoms Equipment | We Purchase | Carritech","isPartOf":{"@id":"https:\/\/carritech.com\/#website"},"datePublished":"2025-07-11T15:04:20+00:00","dateModified":"2025-07-14T13:54:35+00:00","description":"At Carritech, we purchase legacy telecommunications equipment before refurbishing it and reselling it back into the marketplace.","breadcrumb":{"@id":"https:\/\/carritech.com\/sell-telecoms-equipment\/#breadcrumb"},"inLanguage":"fr-FR","potentialAction":[{"@type":"ReadAction","target":["https:\/\/carritech.com\/sell-telecoms-equipment\/"]}]},{"@type":"BreadcrumbList","@id":"https:\/\/carritech.com\/sell-telecoms-equipment\/#breadcrumb","itemListElement":[{"@type":"ListItem","position":1,"name":"Home","item":"https:\/\/carritech.com\/"},{"@type":"ListItem","position":2,"name":"Purchasing"}]},{"@type":"WebSite","@id":"https:\/\/carritech.com\/#website","url":"https:\/\/carritech.com\/","name":"Carritech Telecommunications","description":"Une solution de support durable pour votre r\u00e9seau de t\u00e9l\u00e9communications","publisher":{"@id":"https:\/\/carritech.com\/#organization"},"alternateName":"Carritech","potentialAction":[{"@type":"SearchAction","target":{"@type":"EntryPoint","urlTemplate":"https:\/\/carritech.com\/?s={search_term_string}"},"query-input":{"@type":"PropertyValueSpecification","valueRequired":true,"valueName":"search_term_string"}}],"inLanguage":"fr-FR"},{"@type":"Organization","@id":"https:\/\/carritech.com\/#organization","name":"Carritech","url":"https:\/\/carritech.com\/","logo":{"@type":"ImageObject","inLanguage":"fr-FR","@id":"https:\/\/carritech.com\/#\/schema\/logo\/image\/","url":"https:\/\/carritech.com\/wp-content\/uploads\/2023\/01\/Carritech-Logo-without-sub-header.png","contentUrl":"https:\/\/carritech.com\/wp-content\/uploads\/2023\/01\/Carritech-Logo-without-sub-header.png","width":2628,"height":874,"caption":"Carritech"},"image":{"@id":"https:\/\/carritech.com\/#\/schema\/logo\/image\/"},"sameAs":["https:\/\/www.facebook.com\/Carritech-271429599884265\/","https:\/\/www.linkedin.com\/company\/1678487\/"]}]}},"_links":{"self":[{"href":"https:\/\/carritech.com\/fr\/wp-json\/wp\/v2\/pages\/81976","targetHints":{"allow":["GET"]}}],"collection":[{"href":"https:\/\/carritech.com\/fr\/wp-json\/wp\/v2\/pages"}],"about":[{"href":"https:\/\/carritech.com\/fr\/wp-json\/wp\/v2\/types\/page"}],"author":[{"embeddable":true,"href":"https:\/\/carritech.com\/fr\/wp-json\/wp\/v2\/users\/1"}],"replies":[{"embeddable":true,"href":"https:\/\/carritech.com\/fr\/wp-json\/wp\/v2\/comments?post=81976"}],"version-history":[{"count":3,"href":"https:\/\/carritech.com\/fr\/wp-json\/wp\/v2\/pages\/81976\/revisions"}],"predecessor-version":[{"id":81992,"href":"https:\/\/carritech.com\/fr\/wp-json\/wp\/v2\/pages\/81976\/revisions\/81992"}],"wp:attachment":[{"href":"https:\/\/carritech.com\/fr\/wp-json\/wp\/v2\/media?parent=81976"}],"curies":[{"name":"wp","href":"https:\/\/api.w.org\/{rel}","templated":true}]}}