{"id":63752,"date":"2024-10-31T11:43:26","date_gmt":"2024-10-31T11:43:26","guid":{"rendered":"https:\/\/carritech.com\/product\/uncategorized\/ssr1slq110\/"},"modified":"2024-11-08T14:32:22","modified_gmt":"2024-11-08T14:32:22","slug":"ssr1slq110","status":"publish","type":"product","link":"https:\/\/carritech.com\/fr\/product\/telecoms-equipment\/huawei\/ssr1slq110\/","title":{"rendered":"SSR1SLQ110"},"content":{"rendered":"","protected":false},"excerpt":{"rendered":"<p>SSR1SLQ110 OSN1500 (SSR1SLQ110)<\/p>","protected":false},"featured_media":17211,"template":"","meta":{"_acf_changed":false},"product_brand":[],"product_cat":[427,401],"product_tag":[],"class_list":{"0":"post-63752","1":"product","2":"type-product","3":"status-publish","4":"has-post-thumbnail","6":"product_cat-huawei","7":"product_cat-telecoms-equipment","9":"first","10":"instock","11":"shipping-taxable","12":"product-type-simple"},"acf":[],"yoast_head":"<!-- This site is optimized with the Yoast SEO Premium plugin v27.4 (Yoast SEO v27.4) - https:\/\/yoast.com\/product\/yoast-seo-premium-wordpress\/ -->\n<title>SSR1SLQ110 | Huawei, Telecoms Equipment | Telecom Parts | Carritech<\/title>\n<meta name=\"description\" content=\"At Carritech we support the Huawei, Telecoms Equipment SSR1SLQ110 with supply, repair, refurbishment and L3 Remote Technical Support services. Get in touch today.\" \/>\n<meta name=\"robots\" content=\"index, follow, max-snippet:-1, max-image-preview:large, max-video-preview:-1\" \/>\n<link rel=\"canonical\" href=\"https:\/\/carritech.com\/fr\/produit\/uncategorized\/ssr1slq110\/\" \/>\n<meta property=\"og:locale\" content=\"fr_FR\" \/>\n<meta property=\"og:type\" content=\"article\" \/>\n<meta property=\"og:title\" content=\"SSR1SLQ110\" \/>\n<meta property=\"og:description\" content=\"At Carritech we support the Huawei, Telecoms Equipment SSR1SLQ110 with supply, repair, refurbishment and L3 Remote Technical Support services. Get in touch today.\" \/>\n<meta property=\"og:url\" content=\"https:\/\/carritech.com\/fr\/produit\/uncategorized\/ssr1slq110\/\" \/>\n<meta property=\"og:site_name\" content=\"Carritech\" \/>\n<meta property=\"article:publisher\" content=\"https:\/\/www.facebook.com\/Carritech-271429599884265\/\" \/>\n<meta property=\"article:modified_time\" content=\"2024-11-08T14:32:22+00:00\" \/>\n<meta name=\"twitter:card\" content=\"summary_large_image\" \/>\n<script type=\"application\/ld+json\" class=\"yoast-schema-graph\">{\"@context\":\"https:\\\/\\\/schema.org\",\"@graph\":[{\"@type\":\"WebPage\",\"@id\":\"https:\\\/\\\/carritech.com\\\/product\\\/uncategorized\\\/ssr1slq110\\\/\",\"url\":\"https:\\\/\\\/carritech.com\\\/product\\\/uncategorized\\\/ssr1slq110\\\/\",\"name\":\"SSR1SLQ110 | Huawei, Telecoms Equipment | Telecom Parts | Carritech\",\"isPartOf\":{\"@id\":\"https:\\\/\\\/carritech.com\\\/#website\"},\"primaryImageOfPage\":{\"@id\":\"https:\\\/\\\/carritech.com\\\/product\\\/uncategorized\\\/ssr1slq110\\\/#primaryimage\"},\"image\":{\"@id\":\"https:\\\/\\\/carritech.com\\\/product\\\/uncategorized\\\/ssr1slq110\\\/#primaryimage\"},\"thumbnailUrl\":\"https:\\\/\\\/carritech.com\\\/wp-content\\\/uploads\\\/2024\\\/06\\\/Huawei.png\",\"datePublished\":\"2024-10-31T11:43:26+00:00\",\"dateModified\":\"2024-11-08T14:32:22+00:00\",\"description\":\"At Carritech we support the Huawei, Telecoms Equipment SSR1SLQ110 with supply, repair, refurbishment and L3 Remote Technical Support services. Get in touch today.\",\"breadcrumb\":{\"@id\":\"https:\\\/\\\/carritech.com\\\/product\\\/uncategorized\\\/ssr1slq110\\\/#breadcrumb\"},\"inLanguage\":\"fr-FR\",\"potentialAction\":[{\"@type\":\"ReadAction\",\"target\":[\"https:\\\/\\\/carritech.com\\\/product\\\/uncategorized\\\/ssr1slq110\\\/\"]}]},{\"@type\":\"ImageObject\",\"inLanguage\":\"fr-FR\",\"@id\":\"https:\\\/\\\/carritech.com\\\/product\\\/uncategorized\\\/ssr1slq110\\\/#primaryimage\",\"url\":\"https:\\\/\\\/carritech.com\\\/wp-content\\\/uploads\\\/2024\\\/06\\\/Huawei.png\",\"contentUrl\":\"https:\\\/\\\/carritech.com\\\/wp-content\\\/uploads\\\/2024\\\/06\\\/Huawei.png\",\"width\":417,\"height\":417},{\"@type\":\"BreadcrumbList\",\"@id\":\"https:\\\/\\\/carritech.com\\\/product\\\/uncategorized\\\/ssr1slq110\\\/#breadcrumb\",\"itemListElement\":[{\"@type\":\"ListItem\",\"position\":1,\"name\":\"Home\",\"item\":\"https:\\\/\\\/carritech.com\\\/\"},{\"@type\":\"ListItem\",\"position\":2,\"name\":\"Telecoms Equipment\",\"item\":\"https:\\\/\\\/carritech.com\\\/telecoms-equipment\\\/\"},{\"@type\":\"ListItem\",\"position\":3,\"name\":\"SSR1SLQ110\"}]},{\"@type\":\"WebSite\",\"@id\":\"https:\\\/\\\/carritech.com\\\/#website\",\"url\":\"https:\\\/\\\/carritech.com\\\/\",\"name\":\"Carritech Telecommunications\",\"description\":\"A sustainable support solution for your telecoms network\",\"publisher\":{\"@id\":\"https:\\\/\\\/carritech.com\\\/#organization\"},\"alternateName\":\"Carritech\",\"potentialAction\":[{\"@type\":\"SearchAction\",\"target\":{\"@type\":\"EntryPoint\",\"urlTemplate\":\"https:\\\/\\\/carritech.com\\\/?s={search_term_string}\"},\"query-input\":{\"@type\":\"PropertyValueSpecification\",\"valueRequired\":true,\"valueName\":\"search_term_string\"}}],\"inLanguage\":\"fr-FR\"},{\"@type\":\"Organization\",\"@id\":\"https:\\\/\\\/carritech.com\\\/#organization\",\"name\":\"Carritech\",\"url\":\"https:\\\/\\\/carritech.com\\\/\",\"logo\":{\"@type\":\"ImageObject\",\"inLanguage\":\"fr-FR\",\"@id\":\"https:\\\/\\\/carritech.com\\\/#\\\/schema\\\/logo\\\/image\\\/\",\"url\":\"https:\\\/\\\/carritech.com\\\/wp-content\\\/uploads\\\/2023\\\/01\\\/Carritech-Logo-without-sub-header.png\",\"contentUrl\":\"https:\\\/\\\/carritech.com\\\/wp-content\\\/uploads\\\/2023\\\/01\\\/Carritech-Logo-without-sub-header.png\",\"width\":2628,\"height\":874,\"caption\":\"Carritech\"},\"image\":{\"@id\":\"https:\\\/\\\/carritech.com\\\/#\\\/schema\\\/logo\\\/image\\\/\"},\"sameAs\":[\"https:\\\/\\\/www.facebook.com\\\/Carritech-271429599884265\\\/\",\"https:\\\/\\\/www.linkedin.com\\\/company\\\/1678487\\\/\"]}]}<\/script>\n<!-- \/ Yoast SEO Premium plugin. -->","yoast_head_json":{"title":"SSR1SLQ110 | Huawei, Equipements t\u00e9l\u00e9coms | Pi\u00e8ces d\u00e9tach\u00e9es t\u00e9l\u00e9coms | Carritech","description":"Chez Carritech, nous prenons en charge l'\u00e9quipement de t\u00e9l\u00e9communications SSR1SLQ110 de Huawei avec des services de fourniture, de r\u00e9paration, de remise \u00e0 neuf et d'assistance technique \u00e0 distance L3. Contactez nous d\u00e8s aujourd'hui.","robots":{"index":"index","follow":"follow","max-snippet":"max-snippet:-1","max-image-preview":"max-image-preview:large","max-video-preview":"max-video-preview:-1"},"canonical":"https:\/\/carritech.com\/fr\/produit\/uncategorized\/ssr1slq110\/","og_locale":"fr_FR","og_type":"article","og_title":"SSR1SLQ110","og_description":"At Carritech we support the Huawei, Telecoms Equipment SSR1SLQ110 with supply, repair, refurbishment and L3 Remote Technical Support services. Get in touch today.","og_url":"https:\/\/carritech.com\/fr\/produit\/uncategorized\/ssr1slq110\/","og_site_name":"Carritech","article_publisher":"https:\/\/www.facebook.com\/Carritech-271429599884265\/","article_modified_time":"2024-11-08T14:32:22+00:00","twitter_card":"summary_large_image","schema":{"@context":"https:\/\/schema.org","@graph":[{"@type":"WebPage","@id":"https:\/\/carritech.com\/product\/uncategorized\/ssr1slq110\/","url":"https:\/\/carritech.com\/product\/uncategorized\/ssr1slq110\/","name":"SSR1SLQ110 | Huawei, Equipements t\u00e9l\u00e9coms | Pi\u00e8ces d\u00e9tach\u00e9es t\u00e9l\u00e9coms | Carritech","isPartOf":{"@id":"https:\/\/carritech.com\/#website"},"primaryImageOfPage":{"@id":"https:\/\/carritech.com\/product\/uncategorized\/ssr1slq110\/#primaryimage"},"image":{"@id":"https:\/\/carritech.com\/product\/uncategorized\/ssr1slq110\/#primaryimage"},"thumbnailUrl":"https:\/\/carritech.com\/wp-content\/uploads\/2024\/06\/Huawei.png","datePublished":"2024-10-31T11:43:26+00:00","dateModified":"2024-11-08T14:32:22+00:00","description":"Chez Carritech, nous prenons en charge l'\u00e9quipement de t\u00e9l\u00e9communications SSR1SLQ110 de Huawei avec des services de fourniture, de r\u00e9paration, de remise \u00e0 neuf et d'assistance technique \u00e0 distance L3. Contactez nous d\u00e8s aujourd'hui.","breadcrumb":{"@id":"https:\/\/carritech.com\/product\/uncategorized\/ssr1slq110\/#breadcrumb"},"inLanguage":"fr-FR","potentialAction":[{"@type":"ReadAction","target":["https:\/\/carritech.com\/product\/uncategorized\/ssr1slq110\/"]}]},{"@type":"ImageObject","inLanguage":"fr-FR","@id":"https:\/\/carritech.com\/product\/uncategorized\/ssr1slq110\/#primaryimage","url":"https:\/\/carritech.com\/wp-content\/uploads\/2024\/06\/Huawei.png","contentUrl":"https:\/\/carritech.com\/wp-content\/uploads\/2024\/06\/Huawei.png","width":417,"height":417},{"@type":"BreadcrumbList","@id":"https:\/\/carritech.com\/product\/uncategorized\/ssr1slq110\/#breadcrumb","itemListElement":[{"@type":"ListItem","position":1,"name":"Home","item":"https:\/\/carritech.com\/"},{"@type":"ListItem","position":2,"name":"Telecoms Equipment","item":"https:\/\/carritech.com\/telecoms-equipment\/"},{"@type":"ListItem","position":3,"name":"SSR1SLQ110"}]},{"@type":"WebSite","@id":"https:\/\/carritech.com\/#website","url":"https:\/\/carritech.com\/","name":"Carritech Telecommunications","description":"Une solution de support durable pour votre r\u00e9seau de t\u00e9l\u00e9communications","publisher":{"@id":"https:\/\/carritech.com\/#organization"},"alternateName":"Carritech","potentialAction":[{"@type":"SearchAction","target":{"@type":"EntryPoint","urlTemplate":"https:\/\/carritech.com\/?s={search_term_string}"},"query-input":{"@type":"PropertyValueSpecification","valueRequired":true,"valueName":"search_term_string"}}],"inLanguage":"fr-FR"},{"@type":"Organization","@id":"https:\/\/carritech.com\/#organization","name":"Carritech","url":"https:\/\/carritech.com\/","logo":{"@type":"ImageObject","inLanguage":"fr-FR","@id":"https:\/\/carritech.com\/#\/schema\/logo\/image\/","url":"https:\/\/carritech.com\/wp-content\/uploads\/2023\/01\/Carritech-Logo-without-sub-header.png","contentUrl":"https:\/\/carritech.com\/wp-content\/uploads\/2023\/01\/Carritech-Logo-without-sub-header.png","width":2628,"height":874,"caption":"Carritech"},"image":{"@id":"https:\/\/carritech.com\/#\/schema\/logo\/image\/"},"sameAs":["https:\/\/www.facebook.com\/Carritech-271429599884265\/","https:\/\/www.linkedin.com\/company\/1678487\/"]}]}},"_links":{"self":[{"href":"https:\/\/carritech.com\/fr\/wp-json\/wp\/v2\/product\/63752","targetHints":{"allow":["GET"]}}],"collection":[{"href":"https:\/\/carritech.com\/fr\/wp-json\/wp\/v2\/product"}],"about":[{"href":"https:\/\/carritech.com\/fr\/wp-json\/wp\/v2\/types\/product"}],"wp:featuredmedia":[{"embeddable":true,"href":"https:\/\/carritech.com\/fr\/wp-json\/wp\/v2\/media\/17211"}],"wp:attachment":[{"href":"https:\/\/carritech.com\/fr\/wp-json\/wp\/v2\/media?parent=63752"}],"wp:term":[{"taxonomy":"product_brand","embeddable":true,"href":"https:\/\/carritech.com\/fr\/wp-json\/wp\/v2\/product_brand?post=63752"},{"taxonomy":"product_cat","embeddable":true,"href":"https:\/\/carritech.com\/fr\/wp-json\/wp\/v2\/product_cat?post=63752"},{"taxonomy":"product_tag","embeddable":true,"href":"https:\/\/carritech.com\/fr\/wp-json\/wp\/v2\/product_tag?post=63752"}],"curies":[{"name":"wp","href":"https:\/\/api.w.org\/{rel}","templated":true}]}}