{"id":65327,"date":"2024-10-31T11:54:29","date_gmt":"2024-10-31T11:54:29","guid":{"rendered":"https:\/\/carritech.com\/product\/uncategorized\/02hat00099aah-2\/"},"modified":"2024-11-08T15:48:13","modified_gmt":"2024-11-08T15:48:13","slug":"02hat00099aah-2","status":"publish","type":"product","link":"https:\/\/carritech.com\/fr\/product\/telecoms-equipment\/marconi\/oms\/02hat00099aah-2\/","title":{"rendered":"02HAT00099AAH"},"content":{"rendered":"","protected":false},"excerpt":{"rendered":"<p>02HAT00099AAH  MARCONI OMS 3210 720G FRAME PANEL UNIT<\/p>","protected":false},"featured_media":17213,"template":"","meta":{"_acf_changed":false},"product_brand":[],"product_cat":[415,426,401],"product_tag":[],"class_list":{"0":"post-65327","1":"product","2":"type-product","3":"status-publish","4":"has-post-thumbnail","6":"product_cat-marconi","7":"product_cat-oms","8":"product_cat-telecoms-equipment","10":"first","11":"instock","12":"shipping-taxable","13":"product-type-simple"},"acf":[],"yoast_head":"<!-- This site is optimized with the Yoast SEO Premium plugin v27.4 (Yoast SEO v27.4) - https:\/\/yoast.com\/product\/yoast-seo-premium-wordpress\/ -->\n<title>02HAT00099AAH | Marconi, OMS, Telecoms Equipment | Telecom Parts | Carritech<\/title>\n<meta name=\"description\" content=\"At Carritech we support the Marconi, OMS, Telecoms Equipment 02HAT00099AAH with supply, repair, refurbishment and L3 Remote Technical Support services. Get in touch today.\" \/>\n<meta name=\"robots\" content=\"index, follow, max-snippet:-1, max-image-preview:large, max-video-preview:-1\" \/>\n<link rel=\"canonical\" href=\"https:\/\/carritech.com\/fr\/produit\/uncategorized\/02hat00099aah-2\/\" \/>\n<meta property=\"og:locale\" content=\"fr_FR\" \/>\n<meta property=\"og:type\" content=\"article\" \/>\n<meta property=\"og:title\" content=\"02HAT00099AAH\" \/>\n<meta property=\"og:description\" content=\"At Carritech we support the Marconi, OMS, Telecoms Equipment 02HAT00099AAH with supply, repair, refurbishment and L3 Remote Technical Support services. Get in touch today.\" \/>\n<meta property=\"og:url\" content=\"https:\/\/carritech.com\/fr\/produit\/uncategorized\/02hat00099aah-2\/\" \/>\n<meta property=\"og:site_name\" content=\"Carritech\" \/>\n<meta property=\"article:publisher\" content=\"https:\/\/www.facebook.com\/Carritech-271429599884265\/\" \/>\n<meta property=\"article:modified_time\" content=\"2024-11-08T15:48:13+00:00\" \/>\n<meta name=\"twitter:card\" content=\"summary_large_image\" \/>\n<script type=\"application\/ld+json\" class=\"yoast-schema-graph\">{\"@context\":\"https:\\\/\\\/schema.org\",\"@graph\":[{\"@type\":\"WebPage\",\"@id\":\"https:\\\/\\\/carritech.com\\\/product\\\/uncategorized\\\/02hat00099aah-2\\\/\",\"url\":\"https:\\\/\\\/carritech.com\\\/product\\\/uncategorized\\\/02hat00099aah-2\\\/\",\"name\":\"02HAT00099AAH | Marconi, OMS, Telecoms Equipment | Telecom Parts | Carritech\",\"isPartOf\":{\"@id\":\"https:\\\/\\\/carritech.com\\\/#website\"},\"primaryImageOfPage\":{\"@id\":\"https:\\\/\\\/carritech.com\\\/product\\\/uncategorized\\\/02hat00099aah-2\\\/#primaryimage\"},\"image\":{\"@id\":\"https:\\\/\\\/carritech.com\\\/product\\\/uncategorized\\\/02hat00099aah-2\\\/#primaryimage\"},\"thumbnailUrl\":\"https:\\\/\\\/carritech.com\\\/wp-content\\\/uploads\\\/2024\\\/06\\\/Marconi.png\",\"datePublished\":\"2024-10-31T11:54:29+00:00\",\"dateModified\":\"2024-11-08T15:48:13+00:00\",\"description\":\"At Carritech we support the Marconi, OMS, Telecoms Equipment 02HAT00099AAH with supply, repair, refurbishment and L3 Remote Technical Support services. Get in touch today.\",\"breadcrumb\":{\"@id\":\"https:\\\/\\\/carritech.com\\\/product\\\/uncategorized\\\/02hat00099aah-2\\\/#breadcrumb\"},\"inLanguage\":\"fr-FR\",\"potentialAction\":[{\"@type\":\"ReadAction\",\"target\":[\"https:\\\/\\\/carritech.com\\\/product\\\/uncategorized\\\/02hat00099aah-2\\\/\"]}]},{\"@type\":\"ImageObject\",\"inLanguage\":\"fr-FR\",\"@id\":\"https:\\\/\\\/carritech.com\\\/product\\\/uncategorized\\\/02hat00099aah-2\\\/#primaryimage\",\"url\":\"https:\\\/\\\/carritech.com\\\/wp-content\\\/uploads\\\/2024\\\/06\\\/Marconi.png\",\"contentUrl\":\"https:\\\/\\\/carritech.com\\\/wp-content\\\/uploads\\\/2024\\\/06\\\/Marconi.png\",\"width\":417,\"height\":417},{\"@type\":\"BreadcrumbList\",\"@id\":\"https:\\\/\\\/carritech.com\\\/product\\\/uncategorized\\\/02hat00099aah-2\\\/#breadcrumb\",\"itemListElement\":[{\"@type\":\"ListItem\",\"position\":1,\"name\":\"Home\",\"item\":\"https:\\\/\\\/carritech.com\\\/\"},{\"@type\":\"ListItem\",\"position\":2,\"name\":\"Telecoms Equipment\",\"item\":\"https:\\\/\\\/carritech.com\\\/telecoms-equipment\\\/\"},{\"@type\":\"ListItem\",\"position\":3,\"name\":\"02HAT00099AAH\"}]},{\"@type\":\"WebSite\",\"@id\":\"https:\\\/\\\/carritech.com\\\/#website\",\"url\":\"https:\\\/\\\/carritech.com\\\/\",\"name\":\"Carritech Telecommunications\",\"description\":\"A sustainable support solution for your telecoms network\",\"publisher\":{\"@id\":\"https:\\\/\\\/carritech.com\\\/#organization\"},\"alternateName\":\"Carritech\",\"potentialAction\":[{\"@type\":\"SearchAction\",\"target\":{\"@type\":\"EntryPoint\",\"urlTemplate\":\"https:\\\/\\\/carritech.com\\\/?s={search_term_string}\"},\"query-input\":{\"@type\":\"PropertyValueSpecification\",\"valueRequired\":true,\"valueName\":\"search_term_string\"}}],\"inLanguage\":\"fr-FR\"},{\"@type\":\"Organization\",\"@id\":\"https:\\\/\\\/carritech.com\\\/#organization\",\"name\":\"Carritech\",\"url\":\"https:\\\/\\\/carritech.com\\\/\",\"logo\":{\"@type\":\"ImageObject\",\"inLanguage\":\"fr-FR\",\"@id\":\"https:\\\/\\\/carritech.com\\\/#\\\/schema\\\/logo\\\/image\\\/\",\"url\":\"https:\\\/\\\/carritech.com\\\/wp-content\\\/uploads\\\/2023\\\/01\\\/Carritech-Logo-without-sub-header.png\",\"contentUrl\":\"https:\\\/\\\/carritech.com\\\/wp-content\\\/uploads\\\/2023\\\/01\\\/Carritech-Logo-without-sub-header.png\",\"width\":2628,\"height\":874,\"caption\":\"Carritech\"},\"image\":{\"@id\":\"https:\\\/\\\/carritech.com\\\/#\\\/schema\\\/logo\\\/image\\\/\"},\"sameAs\":[\"https:\\\/\\\/www.facebook.com\\\/Carritech-271429599884265\\\/\",\"https:\\\/\\\/www.linkedin.com\\\/company\\\/1678487\\\/\"]}]}<\/script>\n<!-- \/ Yoast SEO Premium plugin. -->","yoast_head_json":{"title":"02HAT00099AAH | Marconi, OMS, Mat\u00e9riel de t\u00e9l\u00e9communication | Pi\u00e8ces d\u00e9tach\u00e9es t\u00e9l\u00e9com | Carritech","description":"Chez Carritech, nous prenons en charge l'\u00e9quipement de t\u00e9l\u00e9communications Marconi, OMS, 02HAT00099AAH avec des services de fourniture, de r\u00e9paration, de remise \u00e0 neuf et d'assistance technique \u00e0 distance L3. Prenez contact avec nous d\u00e8s aujourd'hui.","robots":{"index":"index","follow":"follow","max-snippet":"max-snippet:-1","max-image-preview":"max-image-preview:large","max-video-preview":"max-video-preview:-1"},"canonical":"https:\/\/carritech.com\/fr\/produit\/uncategorized\/02hat00099aah-2\/","og_locale":"fr_FR","og_type":"article","og_title":"02HAT00099AAH","og_description":"At Carritech we support the Marconi, OMS, Telecoms Equipment 02HAT00099AAH with supply, repair, refurbishment and L3 Remote Technical Support services. Get in touch today.","og_url":"https:\/\/carritech.com\/fr\/produit\/uncategorized\/02hat00099aah-2\/","og_site_name":"Carritech","article_publisher":"https:\/\/www.facebook.com\/Carritech-271429599884265\/","article_modified_time":"2024-11-08T15:48:13+00:00","twitter_card":"summary_large_image","schema":{"@context":"https:\/\/schema.org","@graph":[{"@type":"WebPage","@id":"https:\/\/carritech.com\/product\/uncategorized\/02hat00099aah-2\/","url":"https:\/\/carritech.com\/product\/uncategorized\/02hat00099aah-2\/","name":"02HAT00099AAH | Marconi, OMS, Mat\u00e9riel de t\u00e9l\u00e9communication | Pi\u00e8ces d\u00e9tach\u00e9es t\u00e9l\u00e9com | Carritech","isPartOf":{"@id":"https:\/\/carritech.com\/#website"},"primaryImageOfPage":{"@id":"https:\/\/carritech.com\/product\/uncategorized\/02hat00099aah-2\/#primaryimage"},"image":{"@id":"https:\/\/carritech.com\/product\/uncategorized\/02hat00099aah-2\/#primaryimage"},"thumbnailUrl":"https:\/\/carritech.com\/wp-content\/uploads\/2024\/06\/Marconi.png","datePublished":"2024-10-31T11:54:29+00:00","dateModified":"2024-11-08T15:48:13+00:00","description":"Chez Carritech, nous prenons en charge l'\u00e9quipement de t\u00e9l\u00e9communications Marconi, OMS, 02HAT00099AAH avec des services de fourniture, de r\u00e9paration, de remise \u00e0 neuf et d'assistance technique \u00e0 distance L3. Prenez contact avec nous d\u00e8s aujourd'hui.","breadcrumb":{"@id":"https:\/\/carritech.com\/product\/uncategorized\/02hat00099aah-2\/#breadcrumb"},"inLanguage":"fr-FR","potentialAction":[{"@type":"ReadAction","target":["https:\/\/carritech.com\/product\/uncategorized\/02hat00099aah-2\/"]}]},{"@type":"ImageObject","inLanguage":"fr-FR","@id":"https:\/\/carritech.com\/product\/uncategorized\/02hat00099aah-2\/#primaryimage","url":"https:\/\/carritech.com\/wp-content\/uploads\/2024\/06\/Marconi.png","contentUrl":"https:\/\/carritech.com\/wp-content\/uploads\/2024\/06\/Marconi.png","width":417,"height":417},{"@type":"BreadcrumbList","@id":"https:\/\/carritech.com\/product\/uncategorized\/02hat00099aah-2\/#breadcrumb","itemListElement":[{"@type":"ListItem","position":1,"name":"Home","item":"https:\/\/carritech.com\/"},{"@type":"ListItem","position":2,"name":"Telecoms Equipment","item":"https:\/\/carritech.com\/telecoms-equipment\/"},{"@type":"ListItem","position":3,"name":"02HAT00099AAH"}]},{"@type":"WebSite","@id":"https:\/\/carritech.com\/#website","url":"https:\/\/carritech.com\/","name":"Carritech Telecommunications","description":"Une solution de support durable pour votre r\u00e9seau de t\u00e9l\u00e9communications","publisher":{"@id":"https:\/\/carritech.com\/#organization"},"alternateName":"Carritech","potentialAction":[{"@type":"SearchAction","target":{"@type":"EntryPoint","urlTemplate":"https:\/\/carritech.com\/?s={search_term_string}"},"query-input":{"@type":"PropertyValueSpecification","valueRequired":true,"valueName":"search_term_string"}}],"inLanguage":"fr-FR"},{"@type":"Organization","@id":"https:\/\/carritech.com\/#organization","name":"Carritech","url":"https:\/\/carritech.com\/","logo":{"@type":"ImageObject","inLanguage":"fr-FR","@id":"https:\/\/carritech.com\/#\/schema\/logo\/image\/","url":"https:\/\/carritech.com\/wp-content\/uploads\/2023\/01\/Carritech-Logo-without-sub-header.png","contentUrl":"https:\/\/carritech.com\/wp-content\/uploads\/2023\/01\/Carritech-Logo-without-sub-header.png","width":2628,"height":874,"caption":"Carritech"},"image":{"@id":"https:\/\/carritech.com\/#\/schema\/logo\/image\/"},"sameAs":["https:\/\/www.facebook.com\/Carritech-271429599884265\/","https:\/\/www.linkedin.com\/company\/1678487\/"]}]}},"_links":{"self":[{"href":"https:\/\/carritech.com\/fr\/wp-json\/wp\/v2\/product\/65327","targetHints":{"allow":["GET"]}}],"collection":[{"href":"https:\/\/carritech.com\/fr\/wp-json\/wp\/v2\/product"}],"about":[{"href":"https:\/\/carritech.com\/fr\/wp-json\/wp\/v2\/types\/product"}],"wp:featuredmedia":[{"embeddable":true,"href":"https:\/\/carritech.com\/fr\/wp-json\/wp\/v2\/media\/17213"}],"wp:attachment":[{"href":"https:\/\/carritech.com\/fr\/wp-json\/wp\/v2\/media?parent=65327"}],"wp:term":[{"taxonomy":"product_brand","embeddable":true,"href":"https:\/\/carritech.com\/fr\/wp-json\/wp\/v2\/product_brand?post=65327"},{"taxonomy":"product_cat","embeddable":true,"href":"https:\/\/carritech.com\/fr\/wp-json\/wp\/v2\/product_cat?post=65327"},{"taxonomy":"product_tag","embeddable":true,"href":"https:\/\/carritech.com\/fr\/wp-json\/wp\/v2\/product_tag?post=65327"}],"curies":[{"name":"wp","href":"https:\/\/api.w.org\/{rel}","templated":true}]}}