{"id":70469,"date":"2024-10-31T12:48:42","date_gmt":"2024-10-31T12:48:42","guid":{"rendered":"https:\/\/carritech.com\/product\/uncategorized\/nt6c60aa\/"},"modified":"2024-11-08T09:48:47","modified_gmt":"2024-11-08T09:48:47","slug":"nt6c60aa","status":"publish","type":"product","link":"https:\/\/carritech.com\/fr\/product\/telecoms-equipment\/nortel\/dms\/nt6c60aa\/","title":{"rendered":"NT6C60AA"},"content":{"rendered":"","protected":false},"excerpt":{"rendered":"<p>NT6C60AA CARTE D'ALIMENTATION NORTEL NT6C60AA (NT6C60AA)<\/p>","protected":false},"featured_media":0,"template":"","meta":{"_acf_changed":false},"product_brand":[],"product_cat":[433,432,401],"product_tag":[],"class_list":{"0":"post-70469","1":"product","2":"type-product","3":"status-publish","5":"product_cat-dms","6":"product_cat-nortel","7":"product_cat-telecoms-equipment","9":"first","10":"instock","11":"shipping-taxable","12":"product-type-simple"},"acf":[],"yoast_head":"<!-- This site is optimized with the Yoast SEO Premium plugin v27.4 (Yoast SEO v27.4) - https:\/\/yoast.com\/product\/yoast-seo-premium-wordpress\/ -->\n<title>NT6C60AA | DMS, Nortel, Telecoms Equipment | Telecom Parts | Carritech<\/title>\n<meta name=\"description\" content=\"At Carritech we support the DMS, Nortel, Telecoms Equipment NT6C60AA with supply, repair, refurbishment and L3 Remote Technical Support services. Get in touch today.\" \/>\n<meta name=\"robots\" content=\"index, follow, max-snippet:-1, max-image-preview:large, max-video-preview:-1\" \/>\n<link rel=\"canonical\" href=\"https:\/\/carritech.com\/fr\/produit\/uncategorized\/nt6c60aa\/\" \/>\n<meta property=\"og:locale\" content=\"fr_FR\" \/>\n<meta property=\"og:type\" content=\"article\" \/>\n<meta property=\"og:title\" content=\"NT6C60AA\" \/>\n<meta property=\"og:description\" content=\"At Carritech we support the DMS, Nortel, Telecoms Equipment NT6C60AA with supply, repair, refurbishment and L3 Remote Technical Support services. Get in touch today.\" \/>\n<meta property=\"og:url\" content=\"https:\/\/carritech.com\/fr\/produit\/uncategorized\/nt6c60aa\/\" \/>\n<meta property=\"og:site_name\" content=\"Carritech\" \/>\n<meta property=\"article:publisher\" content=\"https:\/\/www.facebook.com\/Carritech-271429599884265\/\" \/>\n<meta property=\"article:modified_time\" content=\"2024-11-08T09:48:47+00:00\" \/>\n<meta name=\"twitter:card\" content=\"summary_large_image\" \/>\n<script type=\"application\/ld+json\" class=\"yoast-schema-graph\">{\"@context\":\"https:\\\/\\\/schema.org\",\"@graph\":[{\"@type\":\"WebPage\",\"@id\":\"https:\\\/\\\/carritech.com\\\/product\\\/uncategorized\\\/nt6c60aa\\\/\",\"url\":\"https:\\\/\\\/carritech.com\\\/product\\\/uncategorized\\\/nt6c60aa\\\/\",\"name\":\"NT6C60AA | DMS, Nortel, Telecoms Equipment | Telecom Parts | Carritech\",\"isPartOf\":{\"@id\":\"https:\\\/\\\/carritech.com\\\/#website\"},\"datePublished\":\"2024-10-31T12:48:42+00:00\",\"dateModified\":\"2024-11-08T09:48:47+00:00\",\"description\":\"At Carritech we support the DMS, Nortel, Telecoms Equipment NT6C60AA with supply, repair, refurbishment and L3 Remote Technical Support services. Get in touch today.\",\"breadcrumb\":{\"@id\":\"https:\\\/\\\/carritech.com\\\/product\\\/uncategorized\\\/nt6c60aa\\\/#breadcrumb\"},\"inLanguage\":\"fr-FR\",\"potentialAction\":[{\"@type\":\"ReadAction\",\"target\":[\"https:\\\/\\\/carritech.com\\\/product\\\/uncategorized\\\/nt6c60aa\\\/\"]}]},{\"@type\":\"BreadcrumbList\",\"@id\":\"https:\\\/\\\/carritech.com\\\/product\\\/uncategorized\\\/nt6c60aa\\\/#breadcrumb\",\"itemListElement\":[{\"@type\":\"ListItem\",\"position\":1,\"name\":\"Home\",\"item\":\"https:\\\/\\\/carritech.com\\\/\"},{\"@type\":\"ListItem\",\"position\":2,\"name\":\"Telecoms Equipment\",\"item\":\"https:\\\/\\\/carritech.com\\\/telecoms-equipment\\\/\"},{\"@type\":\"ListItem\",\"position\":3,\"name\":\"NT6C60AA\"}]},{\"@type\":\"WebSite\",\"@id\":\"https:\\\/\\\/carritech.com\\\/#website\",\"url\":\"https:\\\/\\\/carritech.com\\\/\",\"name\":\"Carritech Telecommunications\",\"description\":\"A sustainable support solution for your telecoms network\",\"publisher\":{\"@id\":\"https:\\\/\\\/carritech.com\\\/#organization\"},\"alternateName\":\"Carritech\",\"potentialAction\":[{\"@type\":\"SearchAction\",\"target\":{\"@type\":\"EntryPoint\",\"urlTemplate\":\"https:\\\/\\\/carritech.com\\\/?s={search_term_string}\"},\"query-input\":{\"@type\":\"PropertyValueSpecification\",\"valueRequired\":true,\"valueName\":\"search_term_string\"}}],\"inLanguage\":\"fr-FR\"},{\"@type\":\"Organization\",\"@id\":\"https:\\\/\\\/carritech.com\\\/#organization\",\"name\":\"Carritech\",\"url\":\"https:\\\/\\\/carritech.com\\\/\",\"logo\":{\"@type\":\"ImageObject\",\"inLanguage\":\"fr-FR\",\"@id\":\"https:\\\/\\\/carritech.com\\\/#\\\/schema\\\/logo\\\/image\\\/\",\"url\":\"https:\\\/\\\/carritech.com\\\/wp-content\\\/uploads\\\/2023\\\/01\\\/Carritech-Logo-without-sub-header.png\",\"contentUrl\":\"https:\\\/\\\/carritech.com\\\/wp-content\\\/uploads\\\/2023\\\/01\\\/Carritech-Logo-without-sub-header.png\",\"width\":2628,\"height\":874,\"caption\":\"Carritech\"},\"image\":{\"@id\":\"https:\\\/\\\/carritech.com\\\/#\\\/schema\\\/logo\\\/image\\\/\"},\"sameAs\":[\"https:\\\/\\\/www.facebook.com\\\/Carritech-271429599884265\\\/\",\"https:\\\/\\\/www.linkedin.com\\\/company\\\/1678487\\\/\"]}]}<\/script>\n<!-- \/ Yoast SEO Premium plugin. -->","yoast_head_json":{"title":"NT6C60AA | DMS, Nortel, Mat\u00e9riel de t\u00e9l\u00e9communication | Pi\u00e8ces d\u00e9tach\u00e9es t\u00e9l\u00e9com | Carritech","description":"Chez Carritech, nous prenons en charge l'\u00e9quipement DMS, Nortel, NT6C60AA avec des services de fourniture, de r\u00e9paration, de remise \u00e0 neuf et d'assistance technique \u00e0 distance L3. Contactez nous d\u00e8s aujourd'hui.","robots":{"index":"index","follow":"follow","max-snippet":"max-snippet:-1","max-image-preview":"max-image-preview:large","max-video-preview":"max-video-preview:-1"},"canonical":"https:\/\/carritech.com\/fr\/produit\/uncategorized\/nt6c60aa\/","og_locale":"fr_FR","og_type":"article","og_title":"NT6C60AA","og_description":"At Carritech we support the DMS, Nortel, Telecoms Equipment NT6C60AA with supply, repair, refurbishment and L3 Remote Technical Support services. Get in touch today.","og_url":"https:\/\/carritech.com\/fr\/produit\/uncategorized\/nt6c60aa\/","og_site_name":"Carritech","article_publisher":"https:\/\/www.facebook.com\/Carritech-271429599884265\/","article_modified_time":"2024-11-08T09:48:47+00:00","twitter_card":"summary_large_image","schema":{"@context":"https:\/\/schema.org","@graph":[{"@type":"WebPage","@id":"https:\/\/carritech.com\/product\/uncategorized\/nt6c60aa\/","url":"https:\/\/carritech.com\/product\/uncategorized\/nt6c60aa\/","name":"NT6C60AA | DMS, Nortel, Mat\u00e9riel de t\u00e9l\u00e9communication | Pi\u00e8ces d\u00e9tach\u00e9es t\u00e9l\u00e9com | Carritech","isPartOf":{"@id":"https:\/\/carritech.com\/#website"},"datePublished":"2024-10-31T12:48:42+00:00","dateModified":"2024-11-08T09:48:47+00:00","description":"Chez Carritech, nous prenons en charge l'\u00e9quipement DMS, Nortel, NT6C60AA avec des services de fourniture, de r\u00e9paration, de remise \u00e0 neuf et d'assistance technique \u00e0 distance L3. Contactez nous d\u00e8s aujourd'hui.","breadcrumb":{"@id":"https:\/\/carritech.com\/product\/uncategorized\/nt6c60aa\/#breadcrumb"},"inLanguage":"fr-FR","potentialAction":[{"@type":"ReadAction","target":["https:\/\/carritech.com\/product\/uncategorized\/nt6c60aa\/"]}]},{"@type":"BreadcrumbList","@id":"https:\/\/carritech.com\/product\/uncategorized\/nt6c60aa\/#breadcrumb","itemListElement":[{"@type":"ListItem","position":1,"name":"Home","item":"https:\/\/carritech.com\/"},{"@type":"ListItem","position":2,"name":"Telecoms Equipment","item":"https:\/\/carritech.com\/telecoms-equipment\/"},{"@type":"ListItem","position":3,"name":"NT6C60AA"}]},{"@type":"WebSite","@id":"https:\/\/carritech.com\/#website","url":"https:\/\/carritech.com\/","name":"Carritech Telecommunications","description":"Une solution de support durable pour votre r\u00e9seau de t\u00e9l\u00e9communications","publisher":{"@id":"https:\/\/carritech.com\/#organization"},"alternateName":"Carritech","potentialAction":[{"@type":"SearchAction","target":{"@type":"EntryPoint","urlTemplate":"https:\/\/carritech.com\/?s={search_term_string}"},"query-input":{"@type":"PropertyValueSpecification","valueRequired":true,"valueName":"search_term_string"}}],"inLanguage":"fr-FR"},{"@type":"Organization","@id":"https:\/\/carritech.com\/#organization","name":"Carritech","url":"https:\/\/carritech.com\/","logo":{"@type":"ImageObject","inLanguage":"fr-FR","@id":"https:\/\/carritech.com\/#\/schema\/logo\/image\/","url":"https:\/\/carritech.com\/wp-content\/uploads\/2023\/01\/Carritech-Logo-without-sub-header.png","contentUrl":"https:\/\/carritech.com\/wp-content\/uploads\/2023\/01\/Carritech-Logo-without-sub-header.png","width":2628,"height":874,"caption":"Carritech"},"image":{"@id":"https:\/\/carritech.com\/#\/schema\/logo\/image\/"},"sameAs":["https:\/\/www.facebook.com\/Carritech-271429599884265\/","https:\/\/www.linkedin.com\/company\/1678487\/"]}]}},"_links":{"self":[{"href":"https:\/\/carritech.com\/fr\/wp-json\/wp\/v2\/product\/70469","targetHints":{"allow":["GET"]}}],"collection":[{"href":"https:\/\/carritech.com\/fr\/wp-json\/wp\/v2\/product"}],"about":[{"href":"https:\/\/carritech.com\/fr\/wp-json\/wp\/v2\/types\/product"}],"wp:attachment":[{"href":"https:\/\/carritech.com\/fr\/wp-json\/wp\/v2\/media?parent=70469"}],"wp:term":[{"taxonomy":"product_brand","embeddable":true,"href":"https:\/\/carritech.com\/fr\/wp-json\/wp\/v2\/product_brand?post=70469"},{"taxonomy":"product_cat","embeddable":true,"href":"https:\/\/carritech.com\/fr\/wp-json\/wp\/v2\/product_cat?post=70469"},{"taxonomy":"product_tag","embeddable":true,"href":"https:\/\/carritech.com\/fr\/wp-json\/wp\/v2\/product_tag?post=70469"}],"curies":[{"name":"wp","href":"https:\/\/api.w.org\/{rel}","templated":true}]}}