{"id":57966,"date":"2024-10-30T15:32:51","date_gmt":"2024-10-30T15:32:51","guid":{"rendered":"https:\/\/carritech.com\/product\/uncategorized\/x50450\/"},"modified":"2024-11-08T14:15:45","modified_gmt":"2024-11-08T14:15:45","slug":"x50450","status":"publish","type":"product","link":"https:\/\/carritech.com\/pt\/product\/telecoms-equipment\/eci\/xdm\/x50450\/","title":{"rendered":"X50450"},"content":{"rendered":"","protected":false},"excerpt":{"rendered":"<p>X50450 DISPERSION COMPENSATION FIBER FOR 1600PS*NM. LC CONNECTOR<\/p>","protected":false},"featured_media":1210,"template":"","meta":{"_acf_changed":false},"product_brand":[],"product_cat":[417,401,450],"product_tag":[],"class_list":{"0":"post-57966","1":"product","2":"type-product","3":"status-publish","4":"has-post-thumbnail","6":"product_cat-eci","7":"product_cat-telecoms-equipment","8":"product_cat-xdm","10":"first","11":"instock","12":"shipping-taxable","13":"product-type-simple"},"acf":[],"yoast_head":"<!-- This site is optimized with the Yoast SEO Premium plugin v27.1 (Yoast SEO v27.1.1) - https:\/\/yoast.com\/product\/yoast-seo-premium-wordpress\/ -->\n<title>X50450 | ECI, Telecoms Equipment, XDM | Telecom Parts | Carritech<\/title>\n<meta name=\"description\" content=\"At Carritech we support the ECI, Telecoms Equipment, XDM X50450 with supply, repair, refurbishment and L3 Remote Technical Support services. Get in touch today.\" \/>\n<meta name=\"robots\" content=\"index, follow, max-snippet:-1, max-image-preview:large, max-video-preview:-1\" \/>\n<link rel=\"canonical\" href=\"https:\/\/carritech.com\/pt\/produto\/uncategorized\/x50450\/\" \/>\n<meta property=\"og:locale\" content=\"pt_PT\" \/>\n<meta property=\"og:type\" content=\"article\" \/>\n<meta property=\"og:title\" content=\"X50450\" \/>\n<meta property=\"og:description\" content=\"At Carritech we support the ECI, Telecoms Equipment, XDM X50450 with supply, repair, refurbishment and L3 Remote Technical Support services. Get in touch today.\" \/>\n<meta property=\"og:url\" content=\"https:\/\/carritech.com\/pt\/produto\/uncategorized\/x50450\/\" \/>\n<meta property=\"og:site_name\" content=\"Carritech\" \/>\n<meta property=\"article:publisher\" content=\"https:\/\/www.facebook.com\/Carritech-271429599884265\/\" \/>\n<meta property=\"article:modified_time\" content=\"2024-11-08T14:15:45+00:00\" \/>\n<meta name=\"twitter:card\" content=\"summary_large_image\" \/>\n<script type=\"application\/ld+json\" class=\"yoast-schema-graph\">{\"@context\":\"https:\/\/schema.org\",\"@graph\":[{\"@type\":\"WebPage\",\"@id\":\"https:\/\/carritech.com\/product\/uncategorized\/x50450\/\",\"url\":\"https:\/\/carritech.com\/product\/uncategorized\/x50450\/\",\"name\":\"X50450 | ECI, Telecoms Equipment, XDM | Telecom Parts | Carritech\",\"isPartOf\":{\"@id\":\"https:\/\/carritech.com\/#website\"},\"primaryImageOfPage\":{\"@id\":\"https:\/\/carritech.com\/product\/uncategorized\/x50450\/#primaryimage\"},\"image\":{\"@id\":\"https:\/\/carritech.com\/product\/uncategorized\/x50450\/#primaryimage\"},\"thumbnailUrl\":\"https:\/\/carritech.com\/wp-content\/uploads\/2022\/10\/ECI.png\",\"datePublished\":\"2024-10-30T15:32:51+00:00\",\"dateModified\":\"2024-11-08T14:15:45+00:00\",\"description\":\"At Carritech we support the ECI, Telecoms Equipment, XDM X50450 with supply, repair, refurbishment and L3 Remote Technical Support services. Get in touch today.\",\"breadcrumb\":{\"@id\":\"https:\/\/carritech.com\/product\/uncategorized\/x50450\/#breadcrumb\"},\"inLanguage\":\"pt-PT\",\"potentialAction\":[{\"@type\":\"ReadAction\",\"target\":[\"https:\/\/carritech.com\/product\/uncategorized\/x50450\/\"]}]},{\"@type\":\"ImageObject\",\"inLanguage\":\"pt-PT\",\"@id\":\"https:\/\/carritech.com\/product\/uncategorized\/x50450\/#primaryimage\",\"url\":\"https:\/\/carritech.com\/wp-content\/uploads\/2022\/10\/ECI.png\",\"contentUrl\":\"https:\/\/carritech.com\/wp-content\/uploads\/2022\/10\/ECI.png\",\"width\":417,\"height\":417},{\"@type\":\"BreadcrumbList\",\"@id\":\"https:\/\/carritech.com\/product\/uncategorized\/x50450\/#breadcrumb\",\"itemListElement\":[{\"@type\":\"ListItem\",\"position\":1,\"name\":\"Home\",\"item\":\"https:\/\/carritech.com\/\"},{\"@type\":\"ListItem\",\"position\":2,\"name\":\"Telecoms Equipment\",\"item\":\"https:\/\/carritech.com\/telecoms-equipment\/\"},{\"@type\":\"ListItem\",\"position\":3,\"name\":\"X50450\"}]},{\"@type\":\"WebSite\",\"@id\":\"https:\/\/carritech.com\/#website\",\"url\":\"https:\/\/carritech.com\/\",\"name\":\"Carritech Telecommunications\",\"description\":\"A sustainable support solution for your telecoms network\",\"publisher\":{\"@id\":\"https:\/\/carritech.com\/#organization\"},\"alternateName\":\"Carritech\",\"potentialAction\":[{\"@type\":\"SearchAction\",\"target\":{\"@type\":\"EntryPoint\",\"urlTemplate\":\"https:\/\/carritech.com\/?s={search_term_string}\"},\"query-input\":{\"@type\":\"PropertyValueSpecification\",\"valueRequired\":true,\"valueName\":\"search_term_string\"}}],\"inLanguage\":\"pt-PT\"},{\"@type\":\"Organization\",\"@id\":\"https:\/\/carritech.com\/#organization\",\"name\":\"Carritech\",\"url\":\"https:\/\/carritech.com\/\",\"logo\":{\"@type\":\"ImageObject\",\"inLanguage\":\"pt-PT\",\"@id\":\"https:\/\/carritech.com\/#\/schema\/logo\/image\/\",\"url\":\"https:\/\/carritech.com\/wp-content\/uploads\/2023\/01\/Carritech-Logo-without-sub-header.png\",\"contentUrl\":\"https:\/\/carritech.com\/wp-content\/uploads\/2023\/01\/Carritech-Logo-without-sub-header.png\",\"width\":2628,\"height\":874,\"caption\":\"Carritech\"},\"image\":{\"@id\":\"https:\/\/carritech.com\/#\/schema\/logo\/image\/\"},\"sameAs\":[\"https:\/\/www.facebook.com\/Carritech-271429599884265\/\",\"https:\/\/www.linkedin.com\/company\/1678487\/\"]}]}<\/script>\n<!-- \/ Yoast SEO Premium plugin. -->","yoast_head_json":{"title":"X50450 | ECI, Telecoms Equipment, XDM | Telecom Parts | Carritech","description":"At Carritech we support the ECI, Telecoms Equipment, XDM X50450 with supply, repair, refurbishment and L3 Remote Technical Support services. Get in touch today.","robots":{"index":"index","follow":"follow","max-snippet":"max-snippet:-1","max-image-preview":"max-image-preview:large","max-video-preview":"max-video-preview:-1"},"canonical":"https:\/\/carritech.com\/pt\/produto\/uncategorized\/x50450\/","og_locale":"pt_PT","og_type":"article","og_title":"X50450","og_description":"At Carritech we support the ECI, Telecoms Equipment, XDM X50450 with supply, repair, refurbishment and L3 Remote Technical Support services. Get in touch today.","og_url":"https:\/\/carritech.com\/pt\/produto\/uncategorized\/x50450\/","og_site_name":"Carritech","article_publisher":"https:\/\/www.facebook.com\/Carritech-271429599884265\/","article_modified_time":"2024-11-08T14:15:45+00:00","twitter_card":"summary_large_image","schema":{"@context":"https:\/\/schema.org","@graph":[{"@type":"WebPage","@id":"https:\/\/carritech.com\/product\/uncategorized\/x50450\/","url":"https:\/\/carritech.com\/product\/uncategorized\/x50450\/","name":"X50450 | ECI, Telecoms Equipment, XDM | Telecom Parts | Carritech","isPartOf":{"@id":"https:\/\/carritech.com\/#website"},"primaryImageOfPage":{"@id":"https:\/\/carritech.com\/product\/uncategorized\/x50450\/#primaryimage"},"image":{"@id":"https:\/\/carritech.com\/product\/uncategorized\/x50450\/#primaryimage"},"thumbnailUrl":"https:\/\/carritech.com\/wp-content\/uploads\/2022\/10\/ECI.png","datePublished":"2024-10-30T15:32:51+00:00","dateModified":"2024-11-08T14:15:45+00:00","description":"At Carritech we support the ECI, Telecoms Equipment, XDM X50450 with supply, repair, refurbishment and L3 Remote Technical Support services. Get in touch today.","breadcrumb":{"@id":"https:\/\/carritech.com\/product\/uncategorized\/x50450\/#breadcrumb"},"inLanguage":"pt-PT","potentialAction":[{"@type":"ReadAction","target":["https:\/\/carritech.com\/product\/uncategorized\/x50450\/"]}]},{"@type":"ImageObject","inLanguage":"pt-PT","@id":"https:\/\/carritech.com\/product\/uncategorized\/x50450\/#primaryimage","url":"https:\/\/carritech.com\/wp-content\/uploads\/2022\/10\/ECI.png","contentUrl":"https:\/\/carritech.com\/wp-content\/uploads\/2022\/10\/ECI.png","width":417,"height":417},{"@type":"BreadcrumbList","@id":"https:\/\/carritech.com\/product\/uncategorized\/x50450\/#breadcrumb","itemListElement":[{"@type":"ListItem","position":1,"name":"Home","item":"https:\/\/carritech.com\/"},{"@type":"ListItem","position":2,"name":"Telecoms Equipment","item":"https:\/\/carritech.com\/telecoms-equipment\/"},{"@type":"ListItem","position":3,"name":"X50450"}]},{"@type":"WebSite","@id":"https:\/\/carritech.com\/#website","url":"https:\/\/carritech.com\/","name":"Carritech Telecommunications","description":"Uma solu\u00e7\u00e3o de suporte sustent\u00e1vel para a sua rede de telecomunica\u00e7\u00f5es","publisher":{"@id":"https:\/\/carritech.com\/#organization"},"alternateName":"Carritech","potentialAction":[{"@type":"SearchAction","target":{"@type":"EntryPoint","urlTemplate":"https:\/\/carritech.com\/?s={search_term_string}"},"query-input":{"@type":"PropertyValueSpecification","valueRequired":true,"valueName":"search_term_string"}}],"inLanguage":"pt-PT"},{"@type":"Organization","@id":"https:\/\/carritech.com\/#organization","name":"Carritech","url":"https:\/\/carritech.com\/","logo":{"@type":"ImageObject","inLanguage":"pt-PT","@id":"https:\/\/carritech.com\/#\/schema\/logo\/image\/","url":"https:\/\/carritech.com\/wp-content\/uploads\/2023\/01\/Carritech-Logo-without-sub-header.png","contentUrl":"https:\/\/carritech.com\/wp-content\/uploads\/2023\/01\/Carritech-Logo-without-sub-header.png","width":2628,"height":874,"caption":"Carritech"},"image":{"@id":"https:\/\/carritech.com\/#\/schema\/logo\/image\/"},"sameAs":["https:\/\/www.facebook.com\/Carritech-271429599884265\/","https:\/\/www.linkedin.com\/company\/1678487\/"]}]}},"_links":{"self":[{"href":"https:\/\/carritech.com\/pt\/wp-json\/wp\/v2\/product\/57966","targetHints":{"allow":["GET"]}}],"collection":[{"href":"https:\/\/carritech.com\/pt\/wp-json\/wp\/v2\/product"}],"about":[{"href":"https:\/\/carritech.com\/pt\/wp-json\/wp\/v2\/types\/product"}],"wp:featuredmedia":[{"embeddable":true,"href":"https:\/\/carritech.com\/pt\/wp-json\/wp\/v2\/media\/1210"}],"wp:attachment":[{"href":"https:\/\/carritech.com\/pt\/wp-json\/wp\/v2\/media?parent=57966"}],"wp:term":[{"taxonomy":"product_brand","embeddable":true,"href":"https:\/\/carritech.com\/pt\/wp-json\/wp\/v2\/product_brand?post=57966"},{"taxonomy":"product_cat","embeddable":true,"href":"https:\/\/carritech.com\/pt\/wp-json\/wp\/v2\/product_cat?post=57966"},{"taxonomy":"product_tag","embeddable":true,"href":"https:\/\/carritech.com\/pt\/wp-json\/wp\/v2\/product_tag?post=57966"}],"curies":[{"name":"wp","href":"https:\/\/api.w.org\/{rel}","templated":true}]}}